{"id":651,"date":"2021-02-16T17:35:24","date_gmt":"2021-02-16T16:35:24","guid":{"rendered":"https:\/\/zdzislaw-maciej-rurarz.com\/?page_id=651"},"modified":"2021-02-17T09:05:13","modified_gmt":"2021-02-17T08:05:13","slug":"horyzonty-1991-2","status":"publish","type":"page","link":"https:\/\/zdzislaw-maciej-rurarz.com\/?page_id=651","title":{"rendered":"Horyzonty 1991"},"content":{"rendered":"\n<ul class=\"wp-block-list\"><li><strong><a href=\"https:\/\/zdzislaw-maciej-rurarz.com\/wp-content\/uploads\/2021\/02\/A-jak-to-sie-stalo.pdf\">A jak to si\u0119 sta\u0142o?<\/a><\/strong><\/li><li><strong><a href=\"https:\/\/zdzislaw-maciej-rurarz.com\/wp-content\/uploads\/2021\/02\/Anty-pierestrojka.pdf\">Anty-pierestrojka<\/a><\/strong><\/li><li><strong><a href=\"https:\/\/zdzislaw-maciej-rurarz.com\/wp-content\/uploads\/2021\/02\/Bez-parasola.pdf\">Bez parasola<\/a><\/strong><\/li><li><strong><a href=\"https:\/\/zdzislaw-maciej-rurarz.com\/wp-content\/uploads\/2021\/02\/Biuro-C-1.pdf\">Biuro C &#8211; cz. 1<\/a><\/strong><\/li><li><strong><a href=\"https:\/\/zdzislaw-maciej-rurarz.com\/wp-content\/uploads\/2021\/02\/Biuro-C-2.pdf\">Biuro C &#8211; cz. 2<\/a><\/strong><\/li><li><strong><a href=\"https:\/\/zdzislaw-maciej-rurarz.com\/wp-content\/uploads\/2021\/02\/Ciemnogrod.pdf\">Ciemnogr\u00f3d<\/a><\/strong><\/li><li><strong><a href=\"https:\/\/zdzislaw-maciej-rurarz.com\/wp-content\/uploads\/2021\/02\/Czekanie-na-Europe.pdf\">Czekanie na Europ\u0119<\/a><\/strong><\/li><li><strong><a href=\"https:\/\/zdzislaw-maciej-rurarz.com\/wp-content\/uploads\/2021\/02\/Czy-aby-wyjda.pdf\">Czy aby wyjd\u0105?<\/a><\/strong><\/li><li><strong><a href=\"https:\/\/zdzislaw-maciej-rurarz.com\/wp-content\/uploads\/2021\/02\/Czy-koniec-ukladu.pdf\">Czy koniec uk\u0142adu?<\/a><\/strong><\/li><li><strong><a href=\"https:\/\/zdzislaw-maciej-rurarz.com\/wp-content\/uploads\/2021\/02\/Demokracja.pdf\">Demokracja<\/a><\/strong><\/li><li><strong><a href=\"https:\/\/zdzislaw-maciej-rurarz.com\/wp-content\/uploads\/2021\/02\/Dziwna-wojna.pdf\">Dziwna wojna<\/a><\/strong><\/li><li><strong><a href=\"https:\/\/zdzislaw-maciej-rurarz.com\/wp-content\/uploads\/2021\/02\/Granica-wschodnia.pdf\">Granica wschodnia<\/a><\/strong><\/li><li><strong><a href=\"https:\/\/zdzislaw-maciej-rurarz.com\/wp-content\/uploads\/2021\/02\/Gwoli-scislosci-1.pdf\">Gwoli \u015bcis\u0142o\u015bci &#8211; cz. 1<\/a><\/strong><\/li><li><strong><a href=\"https:\/\/zdzislaw-maciej-rurarz.com\/wp-content\/uploads\/2021\/02\/Gwoli-scislosci-2.pdf\">Gwoli  \u015bcis\u0142o\u015bci &#8211; cz. 2<\/a><\/strong><\/li><li><strong><a href=\"https:\/\/zdzislaw-maciej-rurarz.com\/wp-content\/uploads\/2021\/02\/I-co-dalej.pdf\">I co dalej?<\/a><\/strong><\/li><li><strong><a href=\"https:\/\/zdzislaw-maciej-rurarz.com\/wp-content\/uploads\/2021\/02\/Kontrofensywa.pdf\">Kontrofensywa<\/a><\/strong><\/li><li><strong><a href=\"https:\/\/zdzislaw-maciej-rurarz.com\/wp-content\/uploads\/2021\/02\/List-do-Redakcji.pdf\">List do redakcji<\/a><\/strong><\/li><li><strong><a href=\"https:\/\/zdzislaw-maciej-rurarz.com\/wp-content\/uploads\/2021\/02\/Majowe-refleksje.pdf\">Majowe refleksje<\/a><\/strong><\/li><li><strong><a href=\"https:\/\/zdzislaw-maciej-rurarz.com\/wp-content\/uploads\/2021\/02\/Niepewny-grunt-1.pdf\">Niepewny grunt &#8211; cz. 1<\/a><\/strong><\/li><li><strong><a href=\"https:\/\/zdzislaw-maciej-rurarz.com\/wp-content\/uploads\/2021\/02\/Niepewny-grunt-2.pdf\">Niepewny grunt &#8211; cz. 2<\/a><\/strong><\/li><li><strong><a href=\"https:\/\/zdzislaw-maciej-rurarz.com\/wp-content\/uploads\/2021\/02\/Patologia.pdf\">Patologia<\/a><\/strong><\/li><li><strong><a href=\"https:\/\/zdzislaw-maciej-rurarz.com\/wp-content\/uploads\/2021\/02\/Petla-zadluzenia.pdf\">P\u0119tla zad\u0142u\u017cenia<\/a><\/strong><\/li><li><strong><a href=\"https:\/\/zdzislaw-maciej-rurarz.com\/wp-content\/uploads\/2021\/02\/Przedwyborcza-panorama-1.pdf\">Przedwyborcza panorama &#8211; cz. 1<\/a><\/strong><\/li><li><strong><a href=\"https:\/\/zdzislaw-maciej-rurarz.com\/wp-content\/uploads\/2021\/02\/Przedwyborcza-panorama-2.pdf\">Przedwyborcza panorama &#8211; cz. 2<\/a><\/strong><\/li><li><strong><a href=\"https:\/\/zdzislaw-maciej-rurarz.com\/wp-content\/uploads\/2021\/02\/Przedwyborcza-panorama-3.pdf\">Przedwyborcza panorama &#8211; cz. 3<\/a><\/strong><\/li><li><strong><a href=\"https:\/\/zdzislaw-maciej-rurarz.com\/wp-content\/uploads\/2021\/02\/Pukanie-do-drzwi.pdf\">Pukanie do drzwi<\/a><\/strong><\/li><li><strong><a href=\"https:\/\/zdzislaw-maciej-rurarz.com\/wp-content\/uploads\/2021\/02\/Rosja-cz.-I.pdf\">Rosja &#8211; cz. 1<\/a><\/strong><\/li><li><strong><a href=\"https:\/\/zdzislaw-maciej-rurarz.com\/wp-content\/uploads\/2021\/02\/Rosja-cz.-II.pdf\">Rosja &#8211; cz. 2<\/a><\/strong><\/li><li><strong><a href=\"https:\/\/zdzislaw-maciej-rurarz.com\/wp-content\/uploads\/2021\/02\/RP-Niemcy-cz.-I.pdf\">RP-Niemcy &#8211; cz. 1<\/a><\/strong><\/li><li><strong><a href=\"https:\/\/zdzislaw-maciej-rurarz.com\/wp-content\/uploads\/2021\/02\/RP-Niemcy-cz.-I.pdf\">RP-Niemcy &#8211; cz. 2<\/a><\/strong><\/li><li><strong><a href=\"https:\/\/zdzislaw-maciej-rurarz.com\/wp-content\/uploads\/2021\/02\/RWPGOMWG.pdf\">RWPG=OMWG<\/a><\/strong><\/li><li><strong><a href=\"https:\/\/zdzislaw-maciej-rurarz.com\/wp-content\/uploads\/2021\/02\/Sojuz-Nieruszymyj.pdf\">Sojuz Nieruszymyj<\/a><\/strong><\/li><li><strong><a href=\"https:\/\/zdzislaw-maciej-rurarz.com\/wp-content\/uploads\/2021\/02\/Start-czy-finisz.pdf\">Start czy finisz?<\/a><\/strong><\/li><li><strong><a href=\"https:\/\/zdzislaw-maciej-rurarz.com\/wp-content\/uploads\/2021\/02\/Stosunki-RP-ZSRR-1.pdf\">Stosunki RP-ZSRR &#8211; cz. 1<\/a><\/strong><\/li><li><strong><a href=\"https:\/\/zdzislaw-maciej-rurarz.com\/wp-content\/uploads\/2021\/02\/Stosunki-RP-ZSRR-2.pdf\">Stosunki RP-ZSRR &#8211; cz. 2<\/a><\/strong><\/li><li><strong><a href=\"https:\/\/zdzislaw-maciej-rurarz.com\/wp-content\/uploads\/2021\/02\/Szantaz.pdf\">Szanta\u017c<\/a><\/strong><\/li><li><strong><a href=\"https:\/\/zdzislaw-maciej-rurarz.com\/wp-content\/uploads\/2021\/02\/Trust-Nr.-X.pdf\">Trust Nr. X<\/a><\/strong><\/li><li><strong><a href=\"https:\/\/zdzislaw-maciej-rurarz.com\/wp-content\/uploads\/2021\/02\/Urodzaj-na-partie.pdf\">Urodzaj na partie<\/a><\/strong><\/li><li><strong><a href=\"https:\/\/zdzislaw-maciej-rurarz.com\/wp-content\/uploads\/2021\/02\/W-druga-rocznice.pdf\">W drug\u0105 rocznic\u0119<\/a><\/strong><\/li><li><strong>W<a href=\"https:\/\/zdzislaw-maciej-rurarz.com\/wp-content\/uploads\/2021\/02\/W-obronie-endecji-1.pdf\"> obronie endecji &#8211; cz. 1<\/a><\/strong><\/li><li><strong><a href=\"https:\/\/zdzislaw-maciej-rurarz.com\/wp-content\/uploads\/2021\/02\/W-obronie-endecji-2.pdf\">W obronie endecji &#8211; cz. 2<\/a><\/strong><\/li><li><strong><a href=\"https:\/\/zdzislaw-maciej-rurarz.com\/wp-content\/uploads\/2021\/02\/Zatoka.pdf\">Zatoka<\/a><\/strong><\/li><li><strong><a href=\"https:\/\/zdzislaw-maciej-rurarz.com\/wp-content\/uploads\/2021\/02\/Zblakane-psy.pdf\">Zb\u0142\u0105kane psy<\/a><\/strong><\/li><li><strong><a href=\"https:\/\/zdzislaw-maciej-rurarz.com\/wp-content\/uploads\/2021\/02\/Zwiazek-zmarl-niech-zyje-Zwiazek.pdf\">Zwi\u0105zek zmar\u0142 &#8211; niech \u017cyje Zwi\u0105zek<\/a><\/strong><\/li><\/ul>\n","protected":false},"excerpt":{"rendered":"<p>A jak to si\u0119 sta\u0142o? Anty-pierestrojka Bez parasola Biuro C &#8211; cz. 1 Biuro C &#8211; cz. 2 Ciemnogr\u00f3d Czekanie na Europ\u0119 Czy aby wyjd\u0105? Czy koniec uk\u0142adu? Demokracja Dziwna wojna Granica wschodnia Gwoli \u015bcis\u0142o\u015bci &#8211; cz. 1 Gwoli \u015bcis\u0142o\u015bci &#8211; cz. 2 I co dalej? Kontrofensywa List do redakcji Majowe refleksje Niepewny grunt &#8211; [&hellip;]<\/p>\n","protected":false},"author":1,"featured_media":67,"parent":228,"menu_order":3,"comment_status":"closed","ping_status":"closed","template":"","meta":{"footnotes":""},"class_list":["post-651","page","type-page","status-publish","has-post-thumbnail","hentry"],"_links":{"self":[{"href":"https:\/\/zdzislaw-maciej-rurarz.com\/index.php?rest_route=\/wp\/v2\/pages\/651","targetHints":{"allow":["GET"]}}],"collection":[{"href":"https:\/\/zdzislaw-maciej-rurarz.com\/index.php?rest_route=\/wp\/v2\/pages"}],"about":[{"href":"https:\/\/zdzislaw-maciej-rurarz.com\/index.php?rest_route=\/wp\/v2\/types\/page"}],"author":[{"embeddable":true,"href":"https:\/\/zdzislaw-maciej-rurarz.com\/index.php?rest_route=\/wp\/v2\/users\/1"}],"replies":[{"embeddable":true,"href":"https:\/\/zdzislaw-maciej-rurarz.com\/index.php?rest_route=%2Fwp%2Fv2%2Fcomments&post=651"}],"version-history":[{"count":39,"href":"https:\/\/zdzislaw-maciej-rurarz.com\/index.php?rest_route=\/wp\/v2\/pages\/651\/revisions"}],"predecessor-version":[{"id":862,"href":"https:\/\/zdzislaw-maciej-rurarz.com\/index.php?rest_route=\/wp\/v2\/pages\/651\/revisions\/862"}],"up":[{"embeddable":true,"href":"https:\/\/zdzislaw-maciej-rurarz.com\/index.php?rest_route=\/wp\/v2\/pages\/228"}],"wp:featuredmedia":[{"embeddable":true,"href":"https:\/\/zdzislaw-maciej-rurarz.com\/index.php?rest_route=\/wp\/v2\/media\/67"}],"wp:attachment":[{"href":"https:\/\/zdzislaw-maciej-rurarz.com\/index.php?rest_route=%2Fwp%2Fv2%2Fmedia&parent=651"}],"curies":[{"name":"wp","href":"https:\/\/api.w.org\/{rel}","templated":true}]}}