{"id":446,"date":"2021-02-15T21:40:35","date_gmt":"2021-02-15T20:40:35","guid":{"rendered":"https:\/\/zdzislaw-maciej-rurarz.com\/?page_id=446"},"modified":"2021-02-16T22:11:06","modified_gmt":"2021-02-16T21:11:06","slug":"horyzonty-1990","status":"publish","type":"page","link":"https:\/\/zdzislaw-maciej-rurarz.com\/?page_id=446","title":{"rendered":"Horyzonty 1990"},"content":{"rendered":"\n<ul class=\"wp-block-list\"><li><strong><a href=\"https:\/\/zdzislaw-maciej-rurarz.com\/wp-content\/uploads\/2021\/02\/A-prawdy-nadal-nie-ma.pdf\">A prawdy nadal nie ma<\/a><\/strong><\/li><li><strong><a href=\"https:\/\/zdzislaw-maciej-rurarz.com\/wp-content\/uploads\/2021\/02\/Bieg-do-Belwederu.pdf\">Bieg do Belwederu<\/a><\/strong><\/li><li><strong><a href=\"https:\/\/zdzislaw-maciej-rurarz.com\/wp-content\/uploads\/2021\/02\/Boj-to-jest-nasz-ostatni.pdf\">B\u00f3j to jest nasz ostatni<\/a><\/strong><\/li><li><strong><a href=\"https:\/\/zdzislaw-maciej-rurarz.com\/wp-content\/uploads\/2021\/02\/Czy-przerwana-dekada.pdf\">Czy przerwana dekada?<\/a><\/strong><\/li><li><strong><a href=\"https:\/\/zdzislaw-maciej-rurarz.com\/wp-content\/uploads\/2021\/02\/Droga-dla-gospodarki.pdf\">Droga dla gospodarki<\/a><\/strong><\/li><li><strong><a href=\"https:\/\/zdzislaw-maciej-rurarz.com\/wp-content\/uploads\/2021\/02\/Finis-Poloniae.pdf\">Finis Poloniae<\/a><\/strong><\/li><li><strong><a href=\"https:\/\/zdzislaw-maciej-rurarz.com\/wp-content\/uploads\/2021\/02\/Hydra.pdf\">Hydra<\/a><\/strong><\/li><li><strong><a href=\"https:\/\/zdzislaw-maciej-rurarz.com\/wp-content\/uploads\/2021\/02\/Jeszcze-o-drodze-dla-gospodarki.pdf\">Jeszcze o drodze dla gospodarki<\/a><\/strong><\/li><li><strong><a href=\"https:\/\/zdzislaw-maciej-rurarz.com\/wp-content\/uploads\/2021\/02\/Kilka-slow-wyjasnienia.pdf\">Kilka s\u0142\u00f3w wyja\u015bnienia<\/a><\/strong><\/li><li><strong><a href=\"https:\/\/zdzislaw-maciej-rurarz.com\/wp-content\/uploads\/2021\/02\/Plan-Balcerowicza.pdf\">Plan Balcerowicza<\/a><\/strong><\/li><li><strong><a href=\"https:\/\/zdzislaw-maciej-rurarz.com\/wp-content\/uploads\/2021\/02\/Krach-planu-Balcerowicza.pdf\">Krach planu Balcerowicza<\/a><\/strong><\/li><li><strong><a href=\"https:\/\/zdzislaw-maciej-rurarz.com\/wp-content\/uploads\/2021\/02\/Lekcje-godne-poznania.pdf\">Lekcje godne poznania<\/a><\/strong><\/li><li><strong><a href=\"https:\/\/zdzislaw-maciej-rurarz.com\/wp-content\/uploads\/2021\/02\/Litwa.pdf\">Litwa<\/a><\/strong><\/li><li><strong><a href=\"https:\/\/zdzislaw-maciej-rurarz.com\/wp-content\/uploads\/2021\/02\/Niemcy.pdf\">Niemcy<\/a><\/strong><\/li><li><strong><a href=\"https:\/\/zdzislaw-maciej-rurarz.com\/wp-content\/uploads\/2021\/02\/Obrona-Polski-cz.I.pdf\">Obrona Polski &#8211; cz.1<\/a><\/strong><\/li><li><strong><a href=\"https:\/\/zdzislaw-maciej-rurarz.com\/wp-content\/uploads\/2021\/02\/Obrona-Polski-cz.II_.pdf\">Obrona Polski &#8211; cz.2<\/a><\/strong><\/li><li><strong><a href=\"https:\/\/zdzislaw-maciej-rurarz.com\/wp-content\/uploads\/2021\/02\/Poletko-Jefferya-Sachsa-cz.I.pdf\">Poletko Jefferya Sachsa &#8211; cz.1<\/a><\/strong><\/li><li><strong><a href=\"https:\/\/zdzislaw-maciej-rurarz.com\/wp-content\/uploads\/2021\/02\/Poletko-Jefferya-Sachsa-cz.II_.pdf\">Poletko Jefferya Sachsa &#8211; cz.2<\/a><\/strong><\/li><li><strong><a href=\"https:\/\/zdzislaw-maciej-rurarz.com\/wp-content\/uploads\/2021\/02\/Polska-i-Gorbaczowska-Rewolucja.pdf\">Polska i &#8220;Gorbaczowska rewolucja&#8221;<\/a><\/strong><\/li><li><strong><a href=\"https:\/\/zdzislaw-maciej-rurarz.com\/wp-content\/uploads\/2021\/02\/Polski-masochizm.pdf\">Polski masochizm<\/a><\/strong><\/li><li><strong><a href=\"https:\/\/zdzislaw-maciej-rurarz.com\/wp-content\/uploads\/2021\/02\/Prywatyzacja.pdf\">Prywatyzacja<\/a><\/strong><\/li><li><strong><a href=\"https:\/\/zdzislaw-maciej-rurarz.com\/wp-content\/uploads\/2021\/02\/Przegrala-Polska.pdf\">Przegra\u0142a Polska<\/a><\/strong><\/li><li><strong><a href=\"https:\/\/zdzislaw-maciej-rurarz.com\/wp-content\/uploads\/2021\/02\/Pulapka.pdf\">Pu\u0142apka<\/a><\/strong><\/li><li><strong><a href=\"https:\/\/zdzislaw-maciej-rurarz.com\/wp-content\/uploads\/2021\/02\/Skok-w-nieznane.pdf\">Skok w nieznane<\/a><\/strong><\/li><li><strong><a href=\"https:\/\/zdzislaw-maciej-rurarz.com\/wp-content\/uploads\/2021\/02\/Suwerennosc.pdf\">Suwerenno\u015b\u0107<\/a><\/strong><\/li><li><strong><a href=\"https:\/\/zdzislaw-maciej-rurarz.com\/wp-content\/uploads\/2021\/02\/Trele-morele-A.-Besancona.pdf\">Trele-morele Alaina Besan\u00e7ona Czyli mi\u0119dzy &#8220;n\u0119dzn\u0105 rogatk\u0105&#8221; a &#8220;eleganckim przedmie\u015bciem&#8221;<\/a><\/strong><\/li><li><strong><a href=\"https:\/\/zdzislaw-maciej-rurarz.com\/wp-content\/uploads\/2021\/02\/Ukraina-spi-w-najlepsze.pdf\">Ukraina \u015bpi w najlepsze<\/a><\/strong><\/li><li><strong><a href=\"https:\/\/zdzislaw-maciej-rurarz.com\/wp-content\/uploads\/2021\/02\/W-odpowiedzi-K.-Kozniewskiemu.pdf\">W odpowiedzi Kazimierzowi Ko\u017aniewskiemu<\/a><\/strong><\/li><li><strong><a href=\"https:\/\/zdzislaw-maciej-rurarz.com\/wp-content\/uploads\/2021\/02\/Wizyta.pdf\">Wizyta<\/a><\/strong><\/li><li><strong><a href=\"https:\/\/zdzislaw-maciej-rurarz.com\/wp-content\/uploads\/2021\/02\/Wojna-Lecho-Mazowiecka.pdf\">Wojna Lecho-Mazowiecka<\/a><\/strong><\/li><li><strong><a href=\"https:\/\/zdzislaw-maciej-rurarz.com\/wp-content\/uploads\/2021\/02\/Wybory.pdf\">Wybory<\/a><\/strong><\/li><li><strong><a href=\"https:\/\/zdzislaw-maciej-rurarz.com\/wp-content\/uploads\/2021\/02\/Wyjscie-na-prosta.pdf\">Wyj\u015bcie na prost\u0105<\/a><\/strong><\/li><\/ul>\n","protected":false},"excerpt":{"rendered":"<p>A prawdy nadal nie ma Bieg do Belwederu B\u00f3j to jest nasz ostatni Czy przerwana dekada? Droga dla gospodarki Finis Poloniae Hydra Jeszcze o drodze dla gospodarki Kilka s\u0142\u00f3w wyja\u015bnienia Plan Balcerowicza Krach planu Balcerowicza Lekcje godne poznania Litwa Niemcy Obrona Polski &#8211; cz.1 Obrona Polski &#8211; cz.2 Poletko Jefferya Sachsa &#8211; cz.1 Poletko Jefferya [&hellip;]<\/p>\n","protected":false},"author":1,"featured_media":67,"parent":228,"menu_order":2,"comment_status":"closed","ping_status":"closed","template":"","meta":{"footnotes":""},"class_list":["post-446","page","type-page","status-publish","has-post-thumbnail","hentry"],"_links":{"self":[{"href":"https:\/\/zdzislaw-maciej-rurarz.com\/index.php?rest_route=\/wp\/v2\/pages\/446","targetHints":{"allow":["GET"]}}],"collection":[{"href":"https:\/\/zdzislaw-maciej-rurarz.com\/index.php?rest_route=\/wp\/v2\/pages"}],"about":[{"href":"https:\/\/zdzislaw-maciej-rurarz.com\/index.php?rest_route=\/wp\/v2\/types\/page"}],"author":[{"embeddable":true,"href":"https:\/\/zdzislaw-maciej-rurarz.com\/index.php?rest_route=\/wp\/v2\/users\/1"}],"replies":[{"embeddable":true,"href":"https:\/\/zdzislaw-maciej-rurarz.com\/index.php?rest_route=%2Fwp%2Fv2%2Fcomments&post=446"}],"version-history":[{"count":38,"href":"https:\/\/zdzislaw-maciej-rurarz.com\/index.php?rest_route=\/wp\/v2\/pages\/446\/revisions"}],"predecessor-version":[{"id":770,"href":"https:\/\/zdzislaw-maciej-rurarz.com\/index.php?rest_route=\/wp\/v2\/pages\/446\/revisions\/770"}],"up":[{"embeddable":true,"href":"https:\/\/zdzislaw-maciej-rurarz.com\/index.php?rest_route=\/wp\/v2\/pages\/228"}],"wp:featuredmedia":[{"embeddable":true,"href":"https:\/\/zdzislaw-maciej-rurarz.com\/index.php?rest_route=\/wp\/v2\/media\/67"}],"wp:attachment":[{"href":"https:\/\/zdzislaw-maciej-rurarz.com\/index.php?rest_route=%2Fwp%2Fv2%2Fmedia&parent=446"}],"curies":[{"name":"wp","href":"https:\/\/api.w.org\/{rel}","templated":true}]}}