{"id":429,"date":"2021-02-15T21:23:49","date_gmt":"2021-02-15T20:23:49","guid":{"rendered":"https:\/\/zdzislaw-maciej-rurarz.com\/?page_id=429"},"modified":"2021-02-16T21:34:25","modified_gmt":"2021-02-16T20:34:25","slug":"gwiazda-polarna-1988","status":"publish","type":"page","link":"https:\/\/zdzislaw-maciej-rurarz.com\/?page_id=429","title":{"rendered":"Gwiazda Polarna 1988"},"content":{"rendered":"\n<ul class=\"wp-block-list\"><li><strong><a href=\"https:\/\/zdzislaw-maciej-rurarz.com\/wp-content\/uploads\/2021\/02\/Co-sie-dzieje-w-ZSRR.pdf\">Co si\u0119 dzieje w ZSRR?<\/a><\/strong><\/li><li><strong><a href=\"https:\/\/zdzislaw-maciej-rurarz.com\/wp-content\/uploads\/2021\/02\/Czy-naprawde-niechlujstwo.pdf\">Czy naprawd\u0119 niechlujstwo?<\/a><\/strong><\/li><li><strong><a href=\"https:\/\/zdzislaw-maciej-rurarz.com\/wp-content\/uploads\/2021\/02\/Czy-uklad-INF-jest-dobry-dla-Polski.pdf\">Czy uk\u0142ad INF jest dobry dla Polski?<\/a><\/strong><\/li><li><strong><a href=\"https:\/\/zdzislaw-maciej-rurarz.com\/wp-content\/uploads\/2021\/02\/Upior-Stalina.pdf\">Upi\u00f3r Stalina<\/a><\/strong><\/li><li><strong><a href=\"https:\/\/zdzislaw-maciej-rurarz.com\/wp-content\/uploads\/2021\/02\/Zapasc.pdf\">Zapa\u015b\u0107<\/a><\/strong><\/li><li><strong><a href=\"https:\/\/zdzislaw-maciej-rurarz.com\/wp-content\/uploads\/2021\/02\/Zapomniany-Holocaust.pdf\">Zapomniany Holocaust<\/a><\/strong><\/li><\/ul>\n","protected":false},"excerpt":{"rendered":"<p>Co si\u0119 dzieje w ZSRR? Czy naprawd\u0119 niechlujstwo? Czy uk\u0142ad INF jest dobry dla Polski? Upi\u00f3r Stalina Zapa\u015b\u0107 Zapomniany Holocaust<\/p>\n","protected":false},"author":1,"featured_media":67,"parent":419,"menu_order":4,"comment_status":"closed","ping_status":"closed","template":"","meta":{"footnotes":""},"class_list":["post-429","page","type-page","status-publish","has-post-thumbnail","hentry"],"_links":{"self":[{"href":"https:\/\/zdzislaw-maciej-rurarz.com\/index.php?rest_route=\/wp\/v2\/pages\/429","targetHints":{"allow":["GET"]}}],"collection":[{"href":"https:\/\/zdzislaw-maciej-rurarz.com\/index.php?rest_route=\/wp\/v2\/pages"}],"about":[{"href":"https:\/\/zdzislaw-maciej-rurarz.com\/index.php?rest_route=\/wp\/v2\/types\/page"}],"author":[{"embeddable":true,"href":"https:\/\/zdzislaw-maciej-rurarz.com\/index.php?rest_route=\/wp\/v2\/users\/1"}],"replies":[{"embeddable":true,"href":"https:\/\/zdzislaw-maciej-rurarz.com\/index.php?rest_route=%2Fwp%2Fv2%2Fcomments&post=429"}],"version-history":[{"count":9,"href":"https:\/\/zdzislaw-maciej-rurarz.com\/index.php?rest_route=\/wp\/v2\/pages\/429\/revisions"}],"predecessor-version":[{"id":767,"href":"https:\/\/zdzislaw-maciej-rurarz.com\/index.php?rest_route=\/wp\/v2\/pages\/429\/revisions\/767"}],"up":[{"embeddable":true,"href":"https:\/\/zdzislaw-maciej-rurarz.com\/index.php?rest_route=\/wp\/v2\/pages\/419"}],"wp:featuredmedia":[{"embeddable":true,"href":"https:\/\/zdzislaw-maciej-rurarz.com\/index.php?rest_route=\/wp\/v2\/media\/67"}],"wp:attachment":[{"href":"https:\/\/zdzislaw-maciej-rurarz.com\/index.php?rest_route=%2Fwp%2Fv2%2Fmedia&parent=429"}],"curies":[{"name":"wp","href":"https:\/\/api.w.org\/{rel}","templated":true}]}}