{"id":425,"date":"2021-02-15T21:22:07","date_gmt":"2021-02-15T20:22:07","guid":{"rendered":"https:\/\/zdzislaw-maciej-rurarz.com\/?page_id=425"},"modified":"2021-02-16T21:34:05","modified_gmt":"2021-02-16T20:34:05","slug":"gwiazda-polarna-1987","status":"publish","type":"page","link":"https:\/\/zdzislaw-maciej-rurarz.com\/?page_id=425","title":{"rendered":"Gwiazda Polarna 1987"},"content":{"rendered":"\n<ul class=\"wp-block-list\"><li><strong><a href=\"https:\/\/zdzislaw-maciej-rurarz.com\/wp-content\/uploads\/2021\/02\/A-wiec-porozmawiajmy.pdf\">A wi\u0119c porozmawiajmy<\/a><\/strong><\/li><li><strong><a href=\"https:\/\/zdzislaw-maciej-rurarz.com\/wp-content\/uploads\/2021\/02\/Czy-Polska-nie-ma-wyjscia.pdf\">Czy Polska nie ma wyj\u015bcia?<\/a><\/strong><\/li><li><strong><a href=\"https:\/\/zdzislaw-maciej-rurarz.com\/wp-content\/uploads\/2021\/02\/Czy-ZSRR-przetrwa-do-2000-roku.pdf\">Czy ZSRR przetrwa do 2000 roku?<\/a><\/strong><\/li><li><strong><a href=\"https:\/\/zdzislaw-maciej-rurarz.com\/wp-content\/uploads\/2021\/02\/Dlaczego-Polska-splaca-dlugi.pdf\">Dlaczego Polska sp\u0142aca d\u0142ugi?<\/a><\/strong><\/li><li><strong><a href=\"https:\/\/zdzislaw-maciej-rurarz.com\/wp-content\/uploads\/2021\/02\/Dziura-w-przemysle.pdf\">Dziura w przemy\u015ble<\/a><\/strong><\/li><li><strong><a href=\"https:\/\/zdzislaw-maciej-rurarz.com\/wp-content\/uploads\/2021\/02\/Gdzie-jest-521444-zabitych.pdf\">Gdzie jest 521 444 zabitych?<\/a><\/strong><\/li><li><strong><a href=\"https:\/\/zdzislaw-maciej-rurarz.com\/wp-content\/uploads\/2021\/02\/II-Etap-reformy-gospodarczej.pdf\">II Etap reformy gospodarczej<\/a><\/strong><\/li><li><strong><a href=\"https:\/\/zdzislaw-maciej-rurarz.com\/wp-content\/uploads\/2021\/02\/Kilka-slow-do-wywiadu-plk.-Kuklinskiego.pdf\">Kilka s\u0142\u00f3w do wywiadu p\u0142k. Kukli\u0144skiego<\/a><\/strong><\/li><li><strong><a href=\"https:\/\/zdzislaw-maciej-rurarz.com\/wp-content\/uploads\/2021\/02\/Kto-rzadzi-Polska.pdf\">Kto rz\u0105dzi Polsk\u0105?<\/a><\/strong><\/li><li><strong><a href=\"https:\/\/zdzislaw-maciej-rurarz.com\/wp-content\/uploads\/2021\/02\/Nie-pierwszy-to-wypadek.pdf\">Nie pierwszy to wypadek<\/a><\/strong><\/li><li><strong><a href=\"https:\/\/zdzislaw-maciej-rurarz.com\/wp-content\/uploads\/2021\/02\/Ograniczona-ewolucja.pdf\">Ograniczona ewolucja<\/a><\/strong><\/li><li><strong><a href=\"https:\/\/zdzislaw-maciej-rurarz.com\/wp-content\/uploads\/2021\/02\/Order-dla-Stalina.pdf\">Order dla Stalina?<\/a><\/strong><\/li><li><strong><a href=\"https:\/\/zdzislaw-maciej-rurarz.com\/wp-content\/uploads\/2021\/02\/Plan-Jaruzelskiego.pdf\">Plan Jaruzelskiego<\/a><\/strong><\/li><li><strong><a href=\"https:\/\/zdzislaw-maciej-rurarz.com\/wp-content\/uploads\/2021\/02\/Przed-wielkim-zamachem.pdf\">Przed wielkim zamachem<\/a><\/strong><\/li><li><strong><a href=\"https:\/\/zdzislaw-maciej-rurarz.com\/wp-content\/uploads\/2021\/02\/Rozdziobia-nas-kruki-i-wrony.pdf\">Rozdziobi\u0105 nas kruki i wrony<\/a><\/strong><\/li><li><strong><a href=\"https:\/\/zdzislaw-maciej-rurarz.com\/wp-content\/uploads\/2021\/02\/Stosunki-przedwojenne-miedzy-USA-i-Polska.pdf\">Stosunki przedwojenne mi\u0119dzy USA i Polsk\u0105<\/a><\/strong><\/li><li><strong><a href=\"https:\/\/zdzislaw-maciej-rurarz.com\/wp-content\/uploads\/2021\/02\/Sukces-czy-wyglup.pdf\">Sukces czy wyg\u0142up<\/a><\/strong><\/li><li><strong><a href=\"https:\/\/zdzislaw-maciej-rurarz.com\/wp-content\/uploads\/2021\/02\/Terytorialno-ludnosciowe-problemy-ZSRR.pdf\">Terytorialno-ludno\u015bciowe problemy ZSRR<\/a><\/strong><\/li><li><strong><a href=\"https:\/\/zdzislaw-maciej-rurarz.com\/wp-content\/uploads\/2021\/02\/Toniemy-coraz-bardziej.pdf\">Toniemy coraz bardziej<\/a><\/strong><\/li><li><strong><a href=\"https:\/\/zdzislaw-maciej-rurarz.com\/wp-content\/uploads\/2021\/02\/Waskie-gardlo-transportu.pdf\">W\u0105skie gard\u0142o transportu<\/a><\/strong><\/li><\/ul>\n","protected":false},"excerpt":{"rendered":"<p>A wi\u0119c porozmawiajmy Czy Polska nie ma wyj\u015bcia? Czy ZSRR przetrwa do 2000 roku? Dlaczego Polska sp\u0142aca d\u0142ugi? Dziura w przemy\u015ble Gdzie jest 521 444 zabitych? II Etap reformy gospodarczej Kilka s\u0142\u00f3w do wywiadu p\u0142k. Kukli\u0144skiego Kto rz\u0105dzi Polsk\u0105? Nie pierwszy to wypadek Ograniczona ewolucja Order dla Stalina? Plan Jaruzelskiego Przed wielkim zamachem Rozdziobi\u0105 nas [&hellip;]<\/p>\n","protected":false},"author":1,"featured_media":67,"parent":419,"menu_order":3,"comment_status":"closed","ping_status":"closed","template":"","meta":{"footnotes":""},"class_list":["post-425","page","type-page","status-publish","has-post-thumbnail","hentry"],"_links":{"self":[{"href":"https:\/\/zdzislaw-maciej-rurarz.com\/index.php?rest_route=\/wp\/v2\/pages\/425","targetHints":{"allow":["GET"]}}],"collection":[{"href":"https:\/\/zdzislaw-maciej-rurarz.com\/index.php?rest_route=\/wp\/v2\/pages"}],"about":[{"href":"https:\/\/zdzislaw-maciej-rurarz.com\/index.php?rest_route=\/wp\/v2\/types\/page"}],"author":[{"embeddable":true,"href":"https:\/\/zdzislaw-maciej-rurarz.com\/index.php?rest_route=\/wp\/v2\/users\/1"}],"replies":[{"embeddable":true,"href":"https:\/\/zdzislaw-maciej-rurarz.com\/index.php?rest_route=%2Fwp%2Fv2%2Fcomments&post=425"}],"version-history":[{"count":25,"href":"https:\/\/zdzislaw-maciej-rurarz.com\/index.php?rest_route=\/wp\/v2\/pages\/425\/revisions"}],"predecessor-version":[{"id":766,"href":"https:\/\/zdzislaw-maciej-rurarz.com\/index.php?rest_route=\/wp\/v2\/pages\/425\/revisions\/766"}],"up":[{"embeddable":true,"href":"https:\/\/zdzislaw-maciej-rurarz.com\/index.php?rest_route=\/wp\/v2\/pages\/419"}],"wp:featuredmedia":[{"embeddable":true,"href":"https:\/\/zdzislaw-maciej-rurarz.com\/index.php?rest_route=\/wp\/v2\/media\/67"}],"wp:attachment":[{"href":"https:\/\/zdzislaw-maciej-rurarz.com\/index.php?rest_route=%2Fwp%2Fv2%2Fmedia&parent=425"}],"curies":[{"name":"wp","href":"https:\/\/api.w.org\/{rel}","templated":true}]}}