{"id":423,"date":"2021-02-15T21:21:53","date_gmt":"2021-02-15T20:21:53","guid":{"rendered":"https:\/\/zdzislaw-maciej-rurarz.com\/?page_id=423"},"modified":"2021-02-16T21:33:43","modified_gmt":"2021-02-16T20:33:43","slug":"gwiazda-polarna-1986","status":"publish","type":"page","link":"https:\/\/zdzislaw-maciej-rurarz.com\/?page_id=423","title":{"rendered":"Gwiazda Polarna 1986"},"content":{"rendered":"\n<ul class=\"wp-block-list\"><li><strong><a href=\"https:\/\/zdzislaw-maciej-rurarz.com\/wp-content\/uploads\/2021\/02\/A-wiec-w-koncu-ile.pdf\">A wiec w ko\u0144cu ile?<\/a><\/strong><\/li><li><strong><a href=\"https:\/\/zdzislaw-maciej-rurarz.com\/wp-content\/uploads\/2021\/02\/Ambasador-PRL-w-Moskwie.pdf\">Ambasador PRL w Moskwie<\/a><\/strong><\/li><li><strong><a href=\"https:\/\/zdzislaw-maciej-rurarz.com\/wp-content\/uploads\/2021\/02\/Chmura-Przyjazni.pdf\">&#8220;Chmura przyja\u017ani&#8221;<\/a><\/strong><\/li><li><strong><a href=\"https:\/\/zdzislaw-maciej-rurarz.com\/wp-content\/uploads\/2021\/02\/Co-z-Ogarkowem.pdf\">Co z Ogarkowem?<\/a><\/strong><\/li><li><strong><a href=\"https:\/\/zdzislaw-maciej-rurarz.com\/wp-content\/uploads\/2021\/02\/Dawac-kredyty-czy-nie.pdf\">Dawa\u0107 kredyty czy nie?<\/a><\/strong><\/li><li><a href=\"https:\/\/zdzislaw-maciej-rurarz.com\/wp-content\/uploads\/2021\/02\/Gorbaczow-spuszcza-z-tonu.pdf\"><strong>Gorbaczow spuszcza z tonu<\/strong><\/a><\/li><li><strong><a href=\"https:\/\/zdzislaw-maciej-rurarz.com\/wp-content\/uploads\/2021\/02\/Nie-ma-ekonomii-politycznej-socjalizmu.pdf\">Nie ma ekonomii politycznej socjalizmu<\/a><\/strong><\/li><li><strong><a href=\"https:\/\/zdzislaw-maciej-rurarz.com\/wp-content\/uploads\/2021\/02\/Oni-czy-Obcy.pdf\">Oni czy Obcy?<\/a><\/strong><\/li><li><strong><a href=\"https:\/\/zdzislaw-maciej-rurarz.com\/wp-content\/uploads\/2021\/02\/Po-co-bylo-jesc-te-zabe.pdf\">Po co by\u0142o je\u015b\u0107 t\u0119 \u017cab\u0119?<\/a><\/strong><\/li><li><strong><a href=\"https:\/\/zdzislaw-maciej-rurarz.com\/wp-content\/uploads\/2021\/02\/Poczatki-kredytow-i-pomocy.pdf\">Pocz\u0105tki kredyt\u00f3w i pomocy<\/a><\/strong><\/li><li><strong><a href=\"https:\/\/zdzislaw-maciej-rurarz.com\/wp-content\/uploads\/2021\/02\/Skandal-Wydawniczy-Shainbergowe-rewelacje.pdf\">Skandal wydawniczy &#8211; Shainbergowe &#8220;rewelacje&#8221;<\/a><\/strong><\/li><li><strong><a href=\"https:\/\/zdzislaw-maciej-rurarz.com\/wp-content\/uploads\/2021\/02\/Sowiecka-dominacja-gospodarcza-w-Polsce.pdf\">Sowiecka dominacja gospodarcza w Polsce &#8211; cz.1<\/a><\/strong><\/li><li><strong><a href=\"https:\/\/zdzislaw-maciej-rurarz.com\/wp-content\/uploads\/2021\/02\/Sowiecka-dominacja-gospodarcza-w-Polsce-cz.2.pdf\">Sowiecka dominacja gospodarcza w Polsce &#8211; cz.2<\/a><\/strong><\/li><li><strong><a href=\"https:\/\/zdzislaw-maciej-rurarz.com\/wp-content\/uploads\/2021\/02\/Sowiecka-dominacja-gospodarcza-w-Polsce-cz.3.pdf\">Sowiecka dominacja gospodarcza w Polsce &#8211; cz.3<\/a><\/strong><\/li><li><strong><a href=\"https:\/\/zdzislaw-maciej-rurarz.com\/wp-content\/uploads\/2021\/02\/Sowiecka-dominacja-gospodarcza-w-Polsce-cz.4.pdf\">Sowiecka dominacja gospodarcza w Polsce &#8211; cz.4<\/a><\/strong><\/li><li><strong><a href=\"https:\/\/zdzislaw-maciej-rurarz.com\/wp-content\/uploads\/2021\/02\/Sowiecka-dominacja-gospodarcza-w-Polsce-cz.5.pdf\">Sowiecka dominacja gospodarcza w Polsce &#8211; cz.5<\/a><\/strong><\/li><li><strong><a href=\"https:\/\/zdzislaw-maciej-rurarz.com\/wp-content\/uploads\/2021\/02\/Sowiecka-dominacja-gospodarcza-w-Polsce-cz.6.pdf\">Sowiecka dominacja gospodarcza w Polsce &#8211; cz.6<\/a><\/strong><\/li><li><strong><a href=\"https:\/\/zdzislaw-maciej-rurarz.com\/wp-content\/uploads\/2021\/02\/Sowiecka-dominacja-gospodarcza-w-Polsce-cz.7.pdf\">Sowiecka dominacja gospodarcza w Polsce &#8211; cz.7<\/a><\/strong><\/li><li><strong><a href=\"https:\/\/zdzislaw-maciej-rurarz.com\/wp-content\/uploads\/2021\/02\/Tajne-dokumenty-PZPR.pdf\">Tajne dokumenty PZPR<\/a><\/strong><\/li><li><strong><a href=\"https:\/\/zdzislaw-maciej-rurarz.com\/wp-content\/uploads\/2021\/02\/USA-a-Polska.pdf\">USA a Polska<\/a><\/strong><\/li><\/ul>\n","protected":false},"excerpt":{"rendered":"<p>A wiec w ko\u0144cu ile? Ambasador PRL w Moskwie &#8220;Chmura przyja\u017ani&#8221; Co z Ogarkowem? Dawa\u0107 kredyty czy nie? Gorbaczow spuszcza z tonu Nie ma ekonomii politycznej socjalizmu Oni czy Obcy? Po co by\u0142o je\u015b\u0107 t\u0119 \u017cab\u0119? Pocz\u0105tki kredyt\u00f3w i pomocy Skandal wydawniczy &#8211; Shainbergowe &#8220;rewelacje&#8221; Sowiecka dominacja gospodarcza w Polsce &#8211; cz.1 Sowiecka dominacja gospodarcza [&hellip;]<\/p>\n","protected":false},"author":1,"featured_media":67,"parent":419,"menu_order":2,"comment_status":"closed","ping_status":"closed","template":"","meta":{"footnotes":""},"class_list":["post-423","page","type-page","status-publish","has-post-thumbnail","hentry"],"_links":{"self":[{"href":"https:\/\/zdzislaw-maciej-rurarz.com\/index.php?rest_route=\/wp\/v2\/pages\/423","targetHints":{"allow":["GET"]}}],"collection":[{"href":"https:\/\/zdzislaw-maciej-rurarz.com\/index.php?rest_route=\/wp\/v2\/pages"}],"about":[{"href":"https:\/\/zdzislaw-maciej-rurarz.com\/index.php?rest_route=\/wp\/v2\/types\/page"}],"author":[{"embeddable":true,"href":"https:\/\/zdzislaw-maciej-rurarz.com\/index.php?rest_route=\/wp\/v2\/users\/1"}],"replies":[{"embeddable":true,"href":"https:\/\/zdzislaw-maciej-rurarz.com\/index.php?rest_route=%2Fwp%2Fv2%2Fcomments&post=423"}],"version-history":[{"count":21,"href":"https:\/\/zdzislaw-maciej-rurarz.com\/index.php?rest_route=\/wp\/v2\/pages\/423\/revisions"}],"predecessor-version":[{"id":765,"href":"https:\/\/zdzislaw-maciej-rurarz.com\/index.php?rest_route=\/wp\/v2\/pages\/423\/revisions\/765"}],"up":[{"embeddable":true,"href":"https:\/\/zdzislaw-maciej-rurarz.com\/index.php?rest_route=\/wp\/v2\/pages\/419"}],"wp:featuredmedia":[{"embeddable":true,"href":"https:\/\/zdzislaw-maciej-rurarz.com\/index.php?rest_route=\/wp\/v2\/media\/67"}],"wp:attachment":[{"href":"https:\/\/zdzislaw-maciej-rurarz.com\/index.php?rest_route=%2Fwp%2Fv2%2Fmedia&parent=423"}],"curies":[{"name":"wp","href":"https:\/\/api.w.org\/{rel}","templated":true}]}}