{"id":358,"date":"2021-02-15T20:03:28","date_gmt":"2021-02-15T19:03:28","guid":{"rendered":"https:\/\/zdzislaw-maciej-rurarz.com\/?page_id=358"},"modified":"2021-02-16T21:20:06","modified_gmt":"2021-02-16T20:20:06","slug":"dziennik-zwiazkowy-2002","status":"publish","type":"page","link":"https:\/\/zdzislaw-maciej-rurarz.com\/?page_id=358","title":{"rendered":"Dziennik Zwi\u0105zkowy 2002"},"content":{"rendered":"\n<ul class=\"wp-block-list\"><li><strong><a href=\"https:\/\/zdzislaw-maciej-rurarz.com\/wp-content\/uploads\/2021\/02\/Antypolonizm-Jana-Krawca.pdf\">Antypolonizm Jana Krawca<\/a><\/strong> <\/li><li><strong><a href=\"https:\/\/zdzislaw-maciej-rurarz.com\/wp-content\/uploads\/2021\/02\/Brednie-Jacka-Kuronia.pdf\">Brednie Jacka Kuronia<\/a><\/strong> <\/li><li><strong><a href=\"https:\/\/zdzislaw-maciej-rurarz.com\/wp-content\/uploads\/2021\/02\/Czyz-tylko-ciemniak.pdf\">Czy\u017c tylko ciemniak?<\/a> <\/strong>  <\/li><li><strong><a href=\"https:\/\/zdzislaw-maciej-rurarz.com\/wp-content\/uploads\/2021\/02\/Ostrzezenie-przed-zaglada.pdf\">Ostrze\u017cenie przed zag\u0142ad\u0105<\/a> <\/strong> <\/li><\/ul>\n","protected":false},"excerpt":{"rendered":"<p>Antypolonizm Jana Krawca Brednie Jacka Kuronia Czy\u017c tylko ciemniak? Ostrze\u017cenie przed zag\u0142ad\u0105<\/p>\n","protected":false},"author":1,"featured_media":67,"parent":225,"menu_order":4,"comment_status":"closed","ping_status":"closed","template":"","meta":{"footnotes":""},"class_list":["post-358","page","type-page","status-publish","has-post-thumbnail","hentry"],"_links":{"self":[{"href":"https:\/\/zdzislaw-maciej-rurarz.com\/index.php?rest_route=\/wp\/v2\/pages\/358","targetHints":{"allow":["GET"]}}],"collection":[{"href":"https:\/\/zdzislaw-maciej-rurarz.com\/index.php?rest_route=\/wp\/v2\/pages"}],"about":[{"href":"https:\/\/zdzislaw-maciej-rurarz.com\/index.php?rest_route=\/wp\/v2\/types\/page"}],"author":[{"embeddable":true,"href":"https:\/\/zdzislaw-maciej-rurarz.com\/index.php?rest_route=\/wp\/v2\/users\/1"}],"replies":[{"embeddable":true,"href":"https:\/\/zdzislaw-maciej-rurarz.com\/index.php?rest_route=%2Fwp%2Fv2%2Fcomments&post=358"}],"version-history":[{"count":14,"href":"https:\/\/zdzislaw-maciej-rurarz.com\/index.php?rest_route=\/wp\/v2\/pages\/358\/revisions"}],"predecessor-version":[{"id":754,"href":"https:\/\/zdzislaw-maciej-rurarz.com\/index.php?rest_route=\/wp\/v2\/pages\/358\/revisions\/754"}],"up":[{"embeddable":true,"href":"https:\/\/zdzislaw-maciej-rurarz.com\/index.php?rest_route=\/wp\/v2\/pages\/225"}],"wp:featuredmedia":[{"embeddable":true,"href":"https:\/\/zdzislaw-maciej-rurarz.com\/index.php?rest_route=\/wp\/v2\/media\/67"}],"wp:attachment":[{"href":"https:\/\/zdzislaw-maciej-rurarz.com\/index.php?rest_route=%2Fwp%2Fv2%2Fmedia&parent=358"}],"curies":[{"name":"wp","href":"https:\/\/api.w.org\/{rel}","templated":true}]}}