{"id":354,"date":"2021-02-15T20:02:41","date_gmt":"2021-02-15T19:02:41","guid":{"rendered":"https:\/\/zdzislaw-maciej-rurarz.com\/?page_id=354"},"modified":"2021-02-16T21:18:58","modified_gmt":"2021-02-16T20:18:58","slug":"dziennik-zwiazkowy-1994","status":"publish","type":"page","link":"https:\/\/zdzislaw-maciej-rurarz.com\/?page_id=354","title":{"rendered":"Dziennik Zwi\u0105zkowy 1994"},"content":{"rendered":"\n<ul class=\"wp-block-list\"><li><strong><a href=\"https:\/\/zdzislaw-maciej-rurarz.com\/wp-content\/uploads\/2021\/02\/Polska-nadal-lezy-w-strefie-wplywow-Moskwy.pdf\">Polska nadal le\u017cy w strefie wp\u0142yw\u00f3w Moskwy &#8211; cz. 1<\/a><\/strong> <\/li><li><strong><a href=\"https:\/\/zdzislaw-maciej-rurarz.com\/wp-content\/uploads\/2021\/02\/Polska-nadal-lezy-w-strefie-wplywow-Moskwy-2.pdf\">Polska nadal le\u017cy w strefie wp\u0142yw\u00f3w Moskwy &#8211; cz. 2<\/a><\/strong><\/li><li><strong><a href=\"https:\/\/zdzislaw-maciej-rurarz.com\/wp-content\/uploads\/2021\/02\/Polskie-piekielko.pdf\">Polskie piekie\u0142ko<\/a><\/strong><\/li><\/ul>\n","protected":false},"excerpt":{"rendered":"<p>Polska nadal le\u017cy w strefie wp\u0142yw\u00f3w Moskwy &#8211; cz. 1 Polska nadal le\u017cy w strefie wp\u0142yw\u00f3w Moskwy &#8211; cz. 2 Polskie piekie\u0142ko<\/p>\n","protected":false},"author":1,"featured_media":67,"parent":225,"menu_order":2,"comment_status":"closed","ping_status":"closed","template":"","meta":{"footnotes":""},"class_list":["post-354","page","type-page","status-publish","has-post-thumbnail","hentry"],"_links":{"self":[{"href":"https:\/\/zdzislaw-maciej-rurarz.com\/index.php?rest_route=\/wp\/v2\/pages\/354","targetHints":{"allow":["GET"]}}],"collection":[{"href":"https:\/\/zdzislaw-maciej-rurarz.com\/index.php?rest_route=\/wp\/v2\/pages"}],"about":[{"href":"https:\/\/zdzislaw-maciej-rurarz.com\/index.php?rest_route=\/wp\/v2\/types\/page"}],"author":[{"embeddable":true,"href":"https:\/\/zdzislaw-maciej-rurarz.com\/index.php?rest_route=\/wp\/v2\/users\/1"}],"replies":[{"embeddable":true,"href":"https:\/\/zdzislaw-maciej-rurarz.com\/index.php?rest_route=%2Fwp%2Fv2%2Fcomments&post=354"}],"version-history":[{"count":8,"href":"https:\/\/zdzislaw-maciej-rurarz.com\/index.php?rest_route=\/wp\/v2\/pages\/354\/revisions"}],"predecessor-version":[{"id":752,"href":"https:\/\/zdzislaw-maciej-rurarz.com\/index.php?rest_route=\/wp\/v2\/pages\/354\/revisions\/752"}],"up":[{"embeddable":true,"href":"https:\/\/zdzislaw-maciej-rurarz.com\/index.php?rest_route=\/wp\/v2\/pages\/225"}],"wp:featuredmedia":[{"embeddable":true,"href":"https:\/\/zdzislaw-maciej-rurarz.com\/index.php?rest_route=\/wp\/v2\/media\/67"}],"wp:attachment":[{"href":"https:\/\/zdzislaw-maciej-rurarz.com\/index.php?rest_route=%2Fwp%2Fv2%2Fmedia&parent=354"}],"curies":[{"name":"wp","href":"https:\/\/api.w.org\/{rel}","templated":true}]}}