{"id":330,"date":"2021-02-15T19:53:41","date_gmt":"2021-02-15T18:53:41","guid":{"rendered":"https:\/\/zdzislaw-maciej-rurarz.com\/?page_id=330"},"modified":"2021-02-16T21:26:17","modified_gmt":"2021-02-16T20:26:17","slug":"dziennik-chicagowski-1997","status":"publish","type":"page","link":"https:\/\/zdzislaw-maciej-rurarz.com\/?page_id=330","title":{"rendered":"Dziennik Chicagowski 1997"},"content":{"rendered":"\n<ul class=\"wp-block-list\"><li><strong><a href=\"https:\/\/zdzislaw-maciej-rurarz.com\/wp-content\/uploads\/2021\/02\/Antypolonizm.pdf\">Antypolonizm<\/a><\/strong><\/li><li><strong><a href=\"https:\/\/zdzislaw-maciej-rurarz.com\/wp-content\/uploads\/2021\/02\/Antypolonizmu-ciag-dalszy.pdf\">Antypolonizmu ci\u0105g dalszy<\/a><\/strong><\/li><li><strong><a href=\"https:\/\/zdzislaw-maciej-rurarz.com\/wp-content\/uploads\/2021\/02\/Cud-nad-Wisla.pdf\">Cud nad Wis\u0142\u0105<\/a><\/strong><\/li><li><strong><a href=\"https:\/\/zdzislaw-maciej-rurarz.com\/wp-content\/uploads\/2021\/02\/Czy-tylko-niewiedza.pdf\">Czy tylko niewiedza?<\/a><\/strong><\/li><li><strong><a href=\"https:\/\/zdzislaw-maciej-rurarz.com\/wp-content\/uploads\/2021\/02\/Krajobraz-przed-bitwa.pdf\">Krajobraz przed bitw\u0105<\/a><\/strong><\/li><li><strong><a href=\"https:\/\/zdzislaw-maciej-rurarz.com\/wp-content\/uploads\/2021\/02\/Niepotrzebna-deklaracja.pdf\">Niepotrzebna deklaracja<\/a><\/strong><\/li><li><strong><a href=\"https:\/\/zdzislaw-maciej-rurarz.com\/wp-content\/uploads\/2021\/02\/Odszedl-car-ekonomiczny....pdf\">Odszed\u0142 car ekonomiczny\u2026<\/a><\/strong><\/li><li><strong><a href=\"https:\/\/zdzislaw-maciej-rurarz.com\/wp-content\/uploads\/2021\/02\/Potop.pdf\">Potop<\/a><\/strong><\/li><li><strong><a href=\"https:\/\/zdzislaw-maciej-rurarz.com\/wp-content\/uploads\/2021\/02\/Rozmowa-Co-dalej.pdf\">Rozmowa &#8211; Co dalej?<\/a><\/strong><\/li><li><strong><a href=\"https:\/\/zdzislaw-maciej-rurarz.com\/wp-content\/uploads\/2021\/02\/Rozmowa-Co-dalej-z-Co-dalej.pdf\">Rozmowa &#8211; Co dalej z Co dalej?<\/a><\/strong><\/li><li><strong><a href=\"https:\/\/zdzislaw-maciej-rurarz.com\/wp-content\/uploads\/2021\/02\/Rozmowa-Co-dalej-z-Polska.pdf\">Rozmowa &#8211; Co dalej z Polsk\u0105?<\/a><\/strong><\/li><li><strong><a href=\"https:\/\/zdzislaw-maciej-rurarz.com\/wp-content\/uploads\/2021\/02\/Rozmowa-Co-NATO-na-to.pdf\">Rozmowa &#8211; Co NATO na to?<\/a><\/strong><\/li><li><strong><a href=\"https:\/\/zdzislaw-maciej-rurarz.com\/wp-content\/uploads\/2021\/02\/Stan-narodu-i-panstwa-polskiego-cz.1.pdf\">Stan narodu i pa\u0144stwa polskiego &#8211; cz.1<\/a><\/strong><\/li><li><strong><a href=\"https:\/\/zdzislaw-maciej-rurarz.com\/wp-content\/uploads\/2021\/02\/Stan-narodu-i-panstwa-polskiego-cz.2.pdf\">Stan narodu i pa\u0144stwa polskiego &#8211; cz.2<\/a><\/strong><\/li><li><strong><a href=\"https:\/\/zdzislaw-maciej-rurarz.com\/wp-content\/uploads\/2021\/02\/Trojkat-o-dwoch-bokach.pdf\">Tr\u00f3jk\u0105t o dw\u00f3ch bokach<\/a><\/strong><\/li><li><strong><a href=\"https:\/\/zdzislaw-maciej-rurarz.com\/wp-content\/uploads\/2021\/02\/Wybory-1997-1.pdf\">Wybory 1997 &#8211; cz.1<\/a><\/strong><\/li><li><strong><a href=\"https:\/\/zdzislaw-maciej-rurarz.com\/wp-content\/uploads\/2021\/02\/Wybory-1997-2.pdf\">Wybory 1997 &#8211; cz.2<\/a><\/strong><\/li><li><strong><a href=\"https:\/\/zdzislaw-maciej-rurarz.com\/wp-content\/uploads\/2021\/02\/Za-duzo-nas.pdf\">Za du\u017co nas<\/a><\/strong><\/li><\/ul>\n","protected":false},"excerpt":{"rendered":"<p>Antypolonizm Antypolonizmu ci\u0105g dalszy Cud nad Wis\u0142\u0105 Czy tylko niewiedza? Krajobraz przed bitw\u0105 Niepotrzebna deklaracja Odszed\u0142 car ekonomiczny\u2026 Potop Rozmowa &#8211; Co dalej? Rozmowa &#8211; Co dalej z Co dalej? Rozmowa &#8211; Co dalej z Polsk\u0105? Rozmowa &#8211; Co NATO na to? Stan narodu i pa\u0144stwa polskiego &#8211; cz.1 Stan narodu i pa\u0144stwa polskiego &#8211; [&hellip;]<\/p>\n","protected":false},"author":1,"featured_media":67,"parent":191,"menu_order":4,"comment_status":"closed","ping_status":"closed","template":"","meta":{"footnotes":""},"class_list":["post-330","page","type-page","status-publish","has-post-thumbnail","hentry"],"_links":{"self":[{"href":"https:\/\/zdzislaw-maciej-rurarz.com\/index.php?rest_route=\/wp\/v2\/pages\/330","targetHints":{"allow":["GET"]}}],"collection":[{"href":"https:\/\/zdzislaw-maciej-rurarz.com\/index.php?rest_route=\/wp\/v2\/pages"}],"about":[{"href":"https:\/\/zdzislaw-maciej-rurarz.com\/index.php?rest_route=\/wp\/v2\/types\/page"}],"author":[{"embeddable":true,"href":"https:\/\/zdzislaw-maciej-rurarz.com\/index.php?rest_route=\/wp\/v2\/users\/1"}],"replies":[{"embeddable":true,"href":"https:\/\/zdzislaw-maciej-rurarz.com\/index.php?rest_route=%2Fwp%2Fv2%2Fcomments&post=330"}],"version-history":[{"count":20,"href":"https:\/\/zdzislaw-maciej-rurarz.com\/index.php?rest_route=\/wp\/v2\/pages\/330\/revisions"}],"predecessor-version":[{"id":761,"href":"https:\/\/zdzislaw-maciej-rurarz.com\/index.php?rest_route=\/wp\/v2\/pages\/330\/revisions\/761"}],"up":[{"embeddable":true,"href":"https:\/\/zdzislaw-maciej-rurarz.com\/index.php?rest_route=\/wp\/v2\/pages\/191"}],"wp:featuredmedia":[{"embeddable":true,"href":"https:\/\/zdzislaw-maciej-rurarz.com\/index.php?rest_route=\/wp\/v2\/media\/67"}],"wp:attachment":[{"href":"https:\/\/zdzislaw-maciej-rurarz.com\/index.php?rest_route=%2Fwp%2Fv2%2Fmedia&parent=330"}],"curies":[{"name":"wp","href":"https:\/\/api.w.org\/{rel}","templated":true}]}}