{"id":31,"date":"2021-02-12T20:49:19","date_gmt":"2021-02-12T19:49:19","guid":{"rendered":"https:\/\/zdzislaw-maciej-rurarz.com\/?page_id=31"},"modified":"2022-05-16T19:40:32","modified_gmt":"2022-05-16T17:40:32","slug":"zyciorys","status":"publish","type":"page","link":"https:\/\/zdzislaw-maciej-rurarz.com\/?page_id=31","title":{"rendered":"\u017byciorys"},"content":{"rendered":"\n<div class=\"wp-block-group has-accent-background-color has-background\"><div class=\"wp-block-group__inner-container is-layout-flow wp-block-group-is-layout-flow\">\n<blockquote class=\"wp-block-quote is-style-large is-layout-flow wp-block-quote-is-layout-flow\"><p>  <img loading=\"lazy\" decoding=\"async\" width=\"120\" height=\"166\" class=\"wp-image-1417\" style=\"width: 120px;\" src=\"https:\/\/zdzislaw-maciej-rurarz.com\/wp-content\/uploads\/2021\/03\/Z.M.-Rurzra-foto-\u017cyciorys.png\" alt=\"\" srcset=\"https:\/\/zdzislaw-maciej-rurarz.com\/wp-content\/uploads\/2021\/03\/Z.M.-Rurzra-foto-\u017cyciorys.png 1000w, https:\/\/zdzislaw-maciej-rurarz.com\/wp-content\/uploads\/2021\/03\/Z.M.-Rurzra-foto-\u017cyciorys-216x300.png 216w, https:\/\/zdzislaw-maciej-rurarz.com\/wp-content\/uploads\/2021\/03\/Z.M.-Rurzra-foto-\u017cyciorys-738x1024.png 738w, https:\/\/zdzislaw-maciej-rurarz.com\/wp-content\/uploads\/2021\/03\/Z.M.-Rurzra-foto-\u017cyciorys-768x1065.png 768w\" sizes=\"auto, (max-width: 120px) 100vw, 120px\" \/>                                                         <\/p><p><strong>Zdzis\u0142aw Maciej Rurarz<\/strong><br>urodzi\u0142 si\u0119 24 lutego 1930 roku w Pionkach<br>zmar\u0142 21 stycznia 2007 roku w Falls Church, Virginia, USA <\/p><\/blockquote>\n<\/div><\/div>\n\n\n\n<div class=\"wp-block-group has-secondary-background-color has-background\"><div class=\"wp-block-group__inner-container is-layout-flow wp-block-group-is-layout-flow\">\n<blockquote class=\"wp-block-quote is-style-large is-layout-flow wp-block-quote-is-layout-flow\"><p><strong>Wykszta\u0142cenie<\/strong><\/p><\/blockquote>\n\n\n\n<ul class=\"wp-block-list\"><li>1950 r. zdaje matur\u0119 w Liceum Og\u00f3lnokszta\u0142c\u0105cym w Ko\u0144skich (obecnie, I Liceum Og\u00f3lnokszta\u0142c\u0105ce im. Komisji Edukacji Narodowej).<\/li><li>W latach 1950-1954 studiuje w Warszawie na Wydziale Handlu Zagranicznego w Szkole G\u0142\u00f3wnej S\u0142u\u017cby Zagranicznej (SGSZ)<\/li><li>W 1954 r. ko\u0144czy studia I stopnia.<\/li><li>W 1956 r. rozpoczyna studia II stopnia na Wydziale Handlu Zagranicznego w Szkole G\u0142\u00f3wnej Planowania i Statystyki (SGPiS) w Warszawie.<\/li><li>W 1957 r. otwiera przew\u00f3d doktorski.<\/li><li>W 1962 r. broni prac\u0119 doktorsk\u0105 pt. \u201eRola zewn\u0119trznych \u017ar\u00f3de\u0142 finansowania rozwoju gospodarczego kraj\u00f3w s\u0142abo rozwini\u0119tych\u201d i otrzymuje tytu\u0142 doktora nauk ekonomicznych.<\/li><li>21 stycznia  1970 r. broni prac\u0119 habilitacyjn\u0105 pt. \u201eEkspansja kapita\u0142u USA\u201d i otrzymuje stopie\u0144 doktora habilitowanego.<\/li><li>16 listopada 1979 r. otrzymuje  tytu\u0142 profesora nadzwyczajnego nauk ekonomicznych  nadany przez Rad\u0119 Pa\u0144stwa PRL.<\/li><\/ul>\n<\/div><\/div>\n\n\n\n<div class=\"wp-block-group has-subtle-background-background-color has-background\"><div class=\"wp-block-group__inner-container is-layout-flow wp-block-group-is-layout-flow\">\n<blockquote class=\"wp-block-quote is-style-large is-layout-flow wp-block-quote-is-layout-flow\"><p><strong>Praca<\/strong><\/p><\/blockquote>\n\n\n\n<ul class=\"wp-block-list\"><li>Od lipca 1953 r. do marca 1954 r. jest cz\u0142onkiem Komisji Nadzorczej Pa\u0144stw Neutralnych w Korei.<br>W listopadzie 1954 r. zostaje cz\u0142onkiem Komitetu ds. Nauki przy Biurze Politycznym KC PZPR.<\/li><li>We wrze\u015bniu 1956 r zostaje naczelnikiem Wydzia\u0142u Ameryka\u0144skiego, Departamentu Traktat\u00f3w II, Ministerstwa Handlu Zagranicznego.<\/li><li>Od stycznia do lipca 1959 r. przebywa na stypendium ONZ w Genewie, Szwajcaria.<br>Od lipca 1959 r. do marca 1962 r.  jest naczelnikiem Wydzia\u0142u Organizacji Mi\u0119dzynarodowych, Ministerstwa Handlu Zagranicznego.<\/li><li>Od kwietnia 1962 r. do listopada 1962 r.<br>pe\u0142ni funkcj\u0119 naczelnika Wydzia\u0142u P\u00f3\u0142nocnoameryka\u0144skiego, Ministerstwa Handlu Zagranicznego.<br>Od listopada 1962 r. do czerwca 1966 r. pracuje jako attach\u00e9 handlowy przy Biurze Radcy Ekonomicznego w Waszyngtonie, USA<\/li><li>Od pa\u017adziernika 1963 r. do stycznia 1964  r. jest  przedstawicielem RWPG na I Sesji UNCTAD w Genewie, Szwajcaria.<\/li><li>Od lipca 1966 r. do listopada 1969 r. jest doradc\u0105 ministra, Ministerstwa Handlu Zagranicznego.<\/li><li>W latach 1967-1972 pracuje jako wyk\u0142adowca w SGPiS (obecnie, Szko\u0142a G\u0142\u00f3wna Handlowa) w Warszawie.<\/li><li>Od grudnia 1969 r. do wrze\u015bnia 1971 r. jest sta\u0142ym przedstawicielem PRL przy GATT w Genewie, Szwajcaria oraz zast\u0119pc\u0105 sta\u0142ego przedstawiciela PRL przy Biurze Europejskim ONZ w Genewie.<\/li><li>Od wrze\u015bnia 1971 r. do grudnia 1972 r. pe\u0142ni funkcj\u0119 doradcy ekonomicznego I Sekretarza PZPR Edwarda Gierka<br>Od stycznia 1973 r. do lipca 1976 r. jest doradc\u0105 specjalnym Sekretarza Generalnego UNCTAD (United Nations Conference on Trade and Development, pol. Konferencji Narod\u00f3w Zjednoczonych ds. Handlu i Rozwoju). <\/li><li>Od lipca 1976 r. do stycznia 1981 r. jest szefem Zespo\u0142u Doradc\u00f3w Ekonomicznych Ministra Spraw Zagranicznych w Warszawie.<br>W latach 1977-1981 wyk\u0142ada na SGPiS (obecnie, Szko\u0142a G\u0142\u00f3wna Handlowa) w Warszawie.<\/li><li>6 lutego 1981 r. zostaje nominowany na Ambasadora PRL w Japonii.<br>9 listopada 1981 r. nominowany na Ambasadora PRL na Filipinach.<\/li><li>23 grudnia 1981 r. przybywa z rodzin\u0105 do ambasady Stan\u00f3w Zjednoczonych w Tokio i sk\u0142ada pro\u015bb\u0119 o azyl polityczny po wprowadzeniu przez rz\u0105d PRL stanu wojennego 13 grudnia 1981 r.<br>22 lutego 1982 r. oficjalne wys\u0119puje do Stan\u00f3w Zjednoczonych o azyl polityczny.<br>11 marca 1982 r. rz\u0105d Stan\u00f3w Zjednoczonych oficjalnie udziela azylu politycznego Ambasadorowi Rurarzowi i jego \u017conie Janinie Rurarz<br>W latach 1982-2007 jest konsultantem rz\u0105du Stan\u00f3w Zjednoczonych i felietonist\u0105. <\/li><\/ul>\n<\/div><\/div>\n\n\n\n<div class=\"wp-block-group has-primary-background-color has-background\"><div class=\"wp-block-group__inner-container is-layout-flow wp-block-group-is-layout-flow\">\n<blockquote class=\"wp-block-quote is-style-large is-layout-flow wp-block-quote-is-layout-flow\"><p><strong><a href=\"https:\/\/zdzislaw-maciej-rurarz.com\/?page_id=1785\">Wyroki<\/a><\/strong><\/p><\/blockquote>\n\n\n\n<ul class=\"wp-block-list\"><li>16 grudnia 1982 r.   Warszawski S\u0105d Okr\u0119gu Wojskowego orzeka wyrok \u015bmierci, utrat\u0119 praw obywatelskich i publicznych, konfiskat\u0119 mienia.<\/li><li>30 pa\u017adziernika 1985 r. zostaje pozbawiony przez Rad\u0119 Pa\u0144stwa PRL obywatelstwa polskiego. <\/li><li> 21 lutego 1990 r. Izba Wojskowa S\u0105du Najwy\u017cszego zamienia wyrok \u015bmierci na 25 lat wi\u0119zienia.<\/li><li> 23 listopada 1990 r.    Izba Wojskowa S\u0105du Najwy\u017cszego prowadzi rozpraw\u0119 rewizyjn\u0105 i uchyla wyroki, przedstawiciele radia, telewizji i prasy maj\u0105 wst\u0119p na sal\u0119 (zainteresowany nie jest powiadomiony ani o rozprawie, ani o decyzji).<\/li><li>15 lipca 2007 r. (po\u015bmiertnie) Minister Obrony Narodowej Aleksander Szczyg\u0142o wr\u0119cza Janinie Rurarz w ambasadzie Rzeczypospolitej Polskiej w Waszyngtonie kopi\u0119 protoko\u0142u rozprawy rewizyjnej Izby Wojskowej S\u0105du Najwy\u017cszego z 23 listopada 1990 r.<\/li><\/ul>\n<\/div><\/div>\n\n\n\n<p><\/p>\n\n\n\n<h6 class=\"wp-block-heading\"><strong>Dokumenty nie opublikowane na niniejszych stronach s\u0105 dost\u0119pne w ameryka\u0144skim <\/strong><br><strong>Instytucie Hoovera pod poni\u017cszymi linkami:<\/strong><\/h6>\n\n\n\n<p><a href=\"https:\/\/www.hoover.org\/news\/new-collection-papers-polish-ambassador-zdzislaw-rurarz\">https:\/\/www.hoover.org\/news\/new-collection-papers-polish-ambassador-zdzislaw-rurarz<\/a><\/p>\n\n\n\n<p><a href=\"https:\/\/oac.cdlib.org\/findaid\/ark:\/13030\/c8hh6n7m\/\">https:\/\/oac.cdlib.org\/findaid\/ark:\/13030\/c8hh6n7m\/<\/a><\/p>\n\n\n\n<p><\/p>\n","protected":false},"excerpt":{"rendered":"<p>Zdzis\u0142aw Maciej Rurarzurodzi\u0142 si\u0119 24 lutego 1930 roku w Pionkachzmar\u0142 21 stycznia 2007 roku w Falls Church, Virginia, USA Wykszta\u0142cenie 1950 r. zdaje matur\u0119 w Liceum Og\u00f3lnokszta\u0142c\u0105cym w Ko\u0144skich (obecnie, I Liceum Og\u00f3lnokszta\u0142c\u0105ce im. Komisji Edukacji Narodowej). W latach 1950-1954 studiuje w Warszawie na Wydziale Handlu Zagranicznego w Szkole G\u0142\u00f3wnej S\u0142u\u017cby Zagranicznej (SGSZ) W 1954 [&hellip;]<\/p>\n","protected":false},"author":1,"featured_media":67,"parent":6,"menu_order":1,"comment_status":"closed","ping_status":"closed","template":"templates\/template-full-width.php","meta":{"footnotes":""},"class_list":["post-31","page","type-page","status-publish","has-post-thumbnail","hentry"],"_links":{"self":[{"href":"https:\/\/zdzislaw-maciej-rurarz.com\/index.php?rest_route=\/wp\/v2\/pages\/31","targetHints":{"allow":["GET"]}}],"collection":[{"href":"https:\/\/zdzislaw-maciej-rurarz.com\/index.php?rest_route=\/wp\/v2\/pages"}],"about":[{"href":"https:\/\/zdzislaw-maciej-rurarz.com\/index.php?rest_route=\/wp\/v2\/types\/page"}],"author":[{"embeddable":true,"href":"https:\/\/zdzislaw-maciej-rurarz.com\/index.php?rest_route=\/wp\/v2\/users\/1"}],"replies":[{"embeddable":true,"href":"https:\/\/zdzislaw-maciej-rurarz.com\/index.php?rest_route=%2Fwp%2Fv2%2Fcomments&post=31"}],"version-history":[{"count":19,"href":"https:\/\/zdzislaw-maciej-rurarz.com\/index.php?rest_route=\/wp\/v2\/pages\/31\/revisions"}],"predecessor-version":[{"id":1886,"href":"https:\/\/zdzislaw-maciej-rurarz.com\/index.php?rest_route=\/wp\/v2\/pages\/31\/revisions\/1886"}],"up":[{"embeddable":true,"href":"https:\/\/zdzislaw-maciej-rurarz.com\/index.php?rest_route=\/wp\/v2\/pages\/6"}],"wp:featuredmedia":[{"embeddable":true,"href":"https:\/\/zdzislaw-maciej-rurarz.com\/index.php?rest_route=\/wp\/v2\/media\/67"}],"wp:attachment":[{"href":"https:\/\/zdzislaw-maciej-rurarz.com\/index.php?rest_route=%2Fwp%2Fv2%2Fmedia&parent=31"}],"curies":[{"name":"wp","href":"https:\/\/api.w.org\/{rel}","templated":true}]}}