{"id":308,"date":"2021-02-15T19:47:11","date_gmt":"2021-02-15T18:47:11","guid":{"rendered":"https:\/\/zdzislaw-maciej-rurarz.com\/?page_id=308"},"modified":"2021-02-16T21:25:44","modified_gmt":"2021-02-16T20:25:44","slug":"dziennik-chicagowski-1996","status":"publish","type":"page","link":"https:\/\/zdzislaw-maciej-rurarz.com\/?page_id=308","title":{"rendered":"Dziennik Chicagowski 1996"},"content":{"rendered":"\n<ul class=\"wp-block-list\"><li><strong><a href=\"https:\/\/zdzislaw-maciej-rurarz.com\/wp-content\/uploads\/2021\/02\/A-jednak-czas-nie-robi-swoje.pdf\">A jednak czas nie robi swojego<\/a><\/strong><\/li><li><strong><a href=\"https:\/\/zdzislaw-maciej-rurarz.com\/wp-content\/uploads\/2021\/02\/Dezinformacja.pdf\">Dezinformacja<\/a><\/strong><\/li><li><strong><a href=\"https:\/\/zdzislaw-maciej-rurarz.com\/wp-content\/uploads\/2021\/02\/Epitafium-Lecha-Walesy-cz.1.pdf\">Epitafium Lecha  Wa\u0142\u0119sy &#8211; cz.1<\/a><\/strong><\/li><li><strong><a href=\"https:\/\/zdzislaw-maciej-rurarz.com\/wp-content\/uploads\/2021\/02\/Epitafium-Lecha-Walesy-cz.2.pdf\">Epitafium Lecha  Wa\u0142\u0119sy &#8211; cz.2<\/a><\/strong><\/li><li><strong><a href=\"https:\/\/zdzislaw-maciej-rurarz.com\/wp-content\/uploads\/2021\/02\/Epitafium-Lecha-Walesy-cz.3.pdf\">Epitafium Lecha  Wa\u0142\u0119sy &#8211; cz.3<\/a><\/strong><\/li><li><strong><a href=\"https:\/\/zdzislaw-maciej-rurarz.com\/wp-content\/uploads\/2021\/02\/Kogo-i-co-wybrala-Rosja-cz.1.pdf\">Kogo i co wybra\u0142a Rosja? &#8211; cz.1<\/a><\/strong><\/li><li><strong><a href=\"https:\/\/zdzislaw-maciej-rurarz.com\/wp-content\/uploads\/2021\/02\/Kogo-i-co-wybrala-Rosja-cz.2.pdf\">Kogo i co wybra\u0142a Rosja? &#8211; cz.2<\/a><\/strong><\/li><li><strong><a href=\"https:\/\/zdzislaw-maciej-rurarz.com\/wp-content\/uploads\/2021\/02\/Koniec-zludzen.pdf\">Koniec z\u0142udze\u0144<\/a><\/strong><\/li><li><strong><a href=\"https:\/\/zdzislaw-maciej-rurarz.com\/wp-content\/uploads\/2021\/02\/Mity-mity....pdf\">Mity, mity\u2026<\/a><\/strong><\/li><li><strong><a href=\"https:\/\/zdzislaw-maciej-rurarz.com\/wp-content\/uploads\/2021\/02\/Na-marginesie-Afery-Oleksego.pdf\">Na marginesie afery Oleksego<\/a><\/strong><\/li><li><strong><a href=\"https:\/\/zdzislaw-maciej-rurarz.com\/wp-content\/uploads\/2021\/02\/Niepotrzebny-konflikt-cz.1.pdf\">Niepotrzebny konflikt &#8211; cz.1<\/a><\/strong><\/li><li><strong><a href=\"https:\/\/zdzislaw-maciej-rurarz.com\/wp-content\/uploads\/2021\/02\/Niepotrzebny-konflikt-cz.2.pdf\">Niepotrzebny konflikt &#8211; cz.2<\/a><\/strong><\/li><li><strong><a href=\"https:\/\/zdzislaw-maciej-rurarz.com\/wp-content\/uploads\/2021\/02\/Niewypal.pdf\">Niewypa\u0142<\/a><\/strong><\/li><li><strong><a href=\"https:\/\/zdzislaw-maciej-rurarz.com\/wp-content\/uploads\/2021\/02\/Pogrom-kielecki-w-Polvision.pdf\">Pogrom kielecki w Polvision<\/a><\/strong><\/li><li><strong><a href=\"https:\/\/zdzislaw-maciej-rurarz.com\/wp-content\/uploads\/2021\/02\/Polska-idea-narodowa-cz.1.pdf\">Polska idea narodowa &#8211; cz.1<\/a><\/strong><\/li><li><strong><a href=\"https:\/\/zdzislaw-maciej-rurarz.com\/wp-content\/uploads\/2021\/02\/Polska-idea-narodowa-cz.2.pdf\">Polska idea narodowa &#8211; cz.2<\/a><\/strong><\/li><li><strong><a href=\"https:\/\/zdzislaw-maciej-rurarz.com\/wp-content\/uploads\/2021\/02\/Polska-idea-narodowa-cz.3.pdf\">Polska idea narodowa &#8211; cz.3<\/a><\/strong><\/li><li><strong><a href=\"https:\/\/zdzislaw-maciej-rurarz.com\/wp-content\/uploads\/2021\/02\/Rozmowa-Polska-w-nowym-tysiacleciu.pdf\">Rozmowa- Polska w nowym tysi\u0105cleciu<\/a><\/strong><\/li><li><strong><a href=\"https:\/\/zdzislaw-maciej-rurarz.com\/wp-content\/uploads\/2021\/02\/Zabawa-w-ciuciubabke.pdf\">Zabawa w ciuciubabk\u0119<\/a><\/strong><\/li><\/ul>\n","protected":false},"excerpt":{"rendered":"<p>A jednak czas nie robi swojego Dezinformacja Epitafium Lecha Wa\u0142\u0119sy &#8211; cz.1 Epitafium Lecha Wa\u0142\u0119sy &#8211; cz.2 Epitafium Lecha Wa\u0142\u0119sy &#8211; cz.3 Kogo i co wybra\u0142a Rosja? &#8211; cz.1 Kogo i co wybra\u0142a Rosja? &#8211; cz.2 Koniec z\u0142udze\u0144 Mity, mity\u2026 Na marginesie afery Oleksego Niepotrzebny konflikt &#8211; cz.1 Niepotrzebny konflikt &#8211; cz.2 Niewypa\u0142 Pogrom kielecki [&hellip;]<\/p>\n","protected":false},"author":1,"featured_media":67,"parent":191,"menu_order":3,"comment_status":"closed","ping_status":"closed","template":"","meta":{"footnotes":""},"class_list":["post-308","page","type-page","status-publish","has-post-thumbnail","hentry"],"_links":{"self":[{"href":"https:\/\/zdzislaw-maciej-rurarz.com\/index.php?rest_route=\/wp\/v2\/pages\/308","targetHints":{"allow":["GET"]}}],"collection":[{"href":"https:\/\/zdzislaw-maciej-rurarz.com\/index.php?rest_route=\/wp\/v2\/pages"}],"about":[{"href":"https:\/\/zdzislaw-maciej-rurarz.com\/index.php?rest_route=\/wp\/v2\/types\/page"}],"author":[{"embeddable":true,"href":"https:\/\/zdzislaw-maciej-rurarz.com\/index.php?rest_route=\/wp\/v2\/users\/1"}],"replies":[{"embeddable":true,"href":"https:\/\/zdzislaw-maciej-rurarz.com\/index.php?rest_route=%2Fwp%2Fv2%2Fcomments&post=308"}],"version-history":[{"count":19,"href":"https:\/\/zdzislaw-maciej-rurarz.com\/index.php?rest_route=\/wp\/v2\/pages\/308\/revisions"}],"predecessor-version":[{"id":760,"href":"https:\/\/zdzislaw-maciej-rurarz.com\/index.php?rest_route=\/wp\/v2\/pages\/308\/revisions\/760"}],"up":[{"embeddable":true,"href":"https:\/\/zdzislaw-maciej-rurarz.com\/index.php?rest_route=\/wp\/v2\/pages\/191"}],"wp:featuredmedia":[{"embeddable":true,"href":"https:\/\/zdzislaw-maciej-rurarz.com\/index.php?rest_route=\/wp\/v2\/media\/67"}],"wp:attachment":[{"href":"https:\/\/zdzislaw-maciej-rurarz.com\/index.php?rest_route=%2Fwp%2Fv2%2Fmedia&parent=308"}],"curies":[{"name":"wp","href":"https:\/\/api.w.org\/{rel}","templated":true}]}}