{"id":1825,"date":"2022-05-15T18:12:23","date_gmt":"2022-05-15T16:12:23","guid":{"rendered":"https:\/\/zdzislaw-maciej-rurarz.com\/?page_id=1825"},"modified":"2022-05-16T19:08:03","modified_gmt":"2022-05-16T17:08:03","slug":"www-polonian-com","status":"publish","type":"page","link":"https:\/\/zdzislaw-maciej-rurarz.com\/?page_id=1825","title":{"rendered":"www.polonian.com"},"content":{"rendered":"\n<div class=\"wp-block-group has-subtle-background-background-color has-background\"><div class=\"wp-block-group__inner-container is-layout-flow wp-block-group-is-layout-flow\">\n<h6 class=\"wp-block-heading\"><a href=\"https:\/\/zdzislaw-maciej-rurarz.com\/wp-content\/uploads\/2022\/05\/26-XI-2003-Nie-bylem-Wallenrodem.pdf\">Nie by\u0142em Wallenrodem<\/a><\/h6>\n<\/div><\/div>\n\n\n\n<p><\/p>\n\n\n\n<div class=\"wp-block-group has-subtle-background-background-color has-background\"><div class=\"wp-block-group__inner-container is-layout-flow wp-block-group-is-layout-flow\">\n<h6 class=\"wp-block-heading\"><a href=\"https:\/\/zdzislaw-maciej-rurarz.com\/wp-content\/uploads\/2022\/05\/Do-trzeciego-razu-sztuka.pdf\">Do trzeciego razu sztuka<\/a><\/h6>\n<\/div><\/div>\n\n\n\n<p><\/p>\n\n\n\n<div class=\"wp-block-group has-subtle-background-background-color has-background\"><div class=\"wp-block-group__inner-container is-layout-flow wp-block-group-is-layout-flow\">\n<h6 class=\"wp-block-heading\"><a href=\"https:\/\/zdzislaw-maciej-rurarz.com\/wp-content\/uploads\/2022\/05\/DZIWNA-POLITYKA-POLITYKI.pdf\">Dziwna polityka Polityki<\/a><\/h6>\n<\/div><\/div>\n\n\n\n<p><\/p>\n\n\n\n<div class=\"wp-block-group has-subtle-background-background-color has-background\"><div class=\"wp-block-group__inner-container is-layout-flow wp-block-group-is-layout-flow\">\n<h6 class=\"wp-block-heading\"><a href=\"https:\/\/zdzislaw-maciej-rurarz.com\/wp-content\/uploads\/2022\/05\/JAKI-BYLES-ROKU-2003.pdf\">Jaki by\u0142e\u015b roku 2003?<\/a><\/h6>\n<\/div><\/div>\n\n\n\n<p><\/p>\n\n\n\n<div class=\"wp-block-group has-subtle-background-background-color has-background\"><div class=\"wp-block-group__inner-container is-layout-flow wp-block-group-is-layout-flow\">\n<h6 class=\"wp-block-heading\"><a href=\"https:\/\/zdzislaw-maciej-rurarz.com\/wp-content\/uploads\/2022\/05\/Jaki-bedziesz-roku-2004.pdf\">Jaki b\u0119dziesz roku 2004?<\/a><\/h6>\n<\/div><\/div>\n\n\n\n<p><\/p>\n\n\n\n<div class=\"wp-block-group has-subtle-background-background-color has-background\"><div class=\"wp-block-group__inner-container is-layout-flow wp-block-group-is-layout-flow\">\n<h6 class=\"wp-block-heading\"><a href=\"https:\/\/zdzislaw-maciej-rurarz.com\/wp-content\/uploads\/2022\/05\/JESZCZE-JEDNA-PARTIA.pdf\">Jeszcze jedna partia<\/a><\/h6>\n<\/div><\/div>\n\n\n\n<p><\/p>\n\n\n\n<div class=\"wp-block-group has-subtle-background-background-color has-background\"><div class=\"wp-block-group__inner-container is-layout-flow wp-block-group-is-layout-flow\">\n<h6 class=\"wp-block-heading\"><a href=\"https:\/\/zdzislaw-maciej-rurarz.com\/wp-content\/uploads\/2022\/05\/KORUPCJA.pdf\">Korupcja<\/a><\/h6>\n<\/div><\/div>\n\n\n\n<p><\/p>\n\n\n\n<div class=\"wp-block-group has-subtle-background-background-color has-background\"><div class=\"wp-block-group__inner-container is-layout-flow wp-block-group-is-layout-flow\">\n<h6 class=\"wp-block-heading\"><a href=\"https:\/\/zdzislaw-maciej-rurarz.com\/wp-content\/uploads\/2022\/05\/LECHU-WSZECHWIEDKA.pdf\">Lechu wszechwiedka<\/a><\/h6>\n<\/div><\/div>\n\n\n\n<p><\/p>\n\n\n\n<div class=\"wp-block-group has-subtle-background-background-color has-background\"><div class=\"wp-block-group__inner-container is-layout-flow wp-block-group-is-layout-flow\">\n<h6 class=\"wp-block-heading\"><a href=\"https:\/\/zdzislaw-maciej-rurarz.com\/wp-content\/uploads\/2022\/05\/NICIZM.pdf\">Nicizm<\/a><\/h6>\n<\/div><\/div>\n\n\n\n<p><\/p>\n\n\n\n<div class=\"wp-block-group has-subtle-background-background-color has-background\"><div class=\"wp-block-group__inner-container is-layout-flow wp-block-group-is-layout-flow\">\n<h6 class=\"wp-block-heading\"><a href=\"https:\/\/zdzislaw-maciej-rurarz.com\/wp-content\/uploads\/2022\/05\/NIE-DLA-POLSKI.pdf\">Nie dla Polski<\/a><\/h6>\n<\/div><\/div>\n\n\n\n<p><\/p>\n\n\n\n<div class=\"wp-block-group has-subtle-background-background-color has-background\"><div class=\"wp-block-group__inner-container is-layout-flow wp-block-group-is-layout-flow\">\n<h6 class=\"wp-block-heading\"><a href=\"https:\/\/zdzislaw-maciej-rurarz.com\/wp-content\/uploads\/2022\/05\/NIEMADRY-POLAK-PRZED-SZKODA.pdf\">Niem\u0105dry Polak przed szkod\u0105<\/a><\/h6>\n<\/div><\/div>\n\n\n\n<p><\/p>\n\n\n\n<div class=\"wp-block-group has-subtle-background-background-color has-background\"><div class=\"wp-block-group__inner-container is-layout-flow wp-block-group-is-layout-flow\">\n<h6 class=\"wp-block-heading\"><a href=\"https:\/\/zdzislaw-maciej-rurarz.com\/wp-content\/uploads\/2022\/05\/NIEPOTRZEBNA-OFIARA.pdf\">Niepotrzebna ofiara<\/a><\/h6>\n<\/div><\/div>\n\n\n\n<p><\/p>\n\n\n\n<div class=\"wp-block-group has-subtle-background-background-color has-background\"><div class=\"wp-block-group__inner-container is-layout-flow wp-block-group-is-layout-flow\">\n<h6 class=\"wp-block-heading\"><a href=\"https:\/\/zdzislaw-maciej-rurarz.com\/wp-content\/uploads\/2022\/05\/NIEWIDZIALNA-REKA-RYNKU.pdf\">Niewidzialna r\u0119ka rynku<\/a><\/h6>\n<\/div><\/div>\n\n\n\n<p><\/p>\n\n\n\n<div class=\"wp-block-group has-subtle-background-background-color has-background\"><div class=\"wp-block-group__inner-container is-layout-flow wp-block-group-is-layout-flow\">\n<h6 class=\"wp-block-heading\"><a href=\"https:\/\/zdzislaw-maciej-rurarz.com\/wp-content\/uploads\/2022\/05\/OPTYMISCI.pdf\">Optymi\u015bci<\/a><\/h6>\n<\/div><\/div>\n\n\n\n<p><\/p>\n\n\n\n<div class=\"wp-block-group has-subtle-background-background-color has-background\"><div class=\"wp-block-group__inner-container is-layout-flow wp-block-group-is-layout-flow\">\n<h6 class=\"wp-block-heading\"><a href=\"https:\/\/zdzislaw-maciej-rurarz.com\/wp-content\/uploads\/2022\/05\/PREZYDENCKA-DYNASTIA.pdf\">Prezydencka dynastia<\/a><\/h6>\n<\/div><\/div>\n\n\n\n<p><\/p>\n\n\n\n<div class=\"wp-block-group has-subtle-background-background-color has-background\"><div class=\"wp-block-group__inner-container is-layout-flow wp-block-group-is-layout-flow\">\n<h6 class=\"wp-block-heading\"><a href=\"https:\/\/zdzislaw-maciej-rurarz.com\/wp-content\/uploads\/2022\/05\/ROK-POZNIEJ.pdf\">Rok p\u00f3\u017aniej&#8230;<\/a><\/h6>\n<\/div><\/div>\n\n\n\n<p><\/p>\n\n\n\n<div class=\"wp-block-group has-subtle-background-background-color has-background\"><div class=\"wp-block-group__inner-container is-layout-flow wp-block-group-is-layout-flow\">\n<h6 class=\"wp-block-heading\"><a href=\"https:\/\/zdzislaw-maciej-rurarz.com\/wp-content\/uploads\/2022\/05\/SERDECZNE-DZIEKI-PROF.-DAVIES.pdf\">Serdeczne dzi\u0119ki profesorze Davies<\/a><\/h6>\n<\/div><\/div>\n\n\n\n<p><\/p>\n\n\n\n<div class=\"wp-block-group has-subtle-background-background-color has-background\"><div class=\"wp-block-group__inner-container is-layout-flow wp-block-group-is-layout-flow\">\n<h6 class=\"wp-block-heading\"><a href=\"https:\/\/zdzislaw-maciej-rurarz.com\/wp-content\/uploads\/2022\/05\/ZABAWA-W-POLSKA-POLITYKE-ZAGRANICZNA-1.pdf\">Zabawa w polsk\u0105 polityk\u0119 zagraniczn\u0105 1<\/a><\/h6>\n<\/div><\/div>\n\n\n\n<p><\/p>\n\n\n\n<div class=\"wp-block-group has-subtle-background-background-color has-background\"><div class=\"wp-block-group__inner-container is-layout-flow wp-block-group-is-layout-flow\">\n<h6 class=\"wp-block-heading\"> <a href=\"https:\/\/zdzislaw-maciej-rurarz.com\/wp-content\/uploads\/2022\/05\/ZABAWA-W-POLSKA-POLITYKE-ZAGRANICZNA-2.pdf\">Zabawa w polsk\u0105 polityk\u0119 zagraniczn\u0105 2<\/a><\/h6>\n<\/div><\/div>\n\n\n\n<p><\/p>\n\n\n\n<div class=\"wp-block-group\"><div class=\"wp-block-group__inner-container is-layout-flow wp-block-group-is-layout-flow\">\n<div class=\"wp-block-group has-subtle-background-background-color has-background\"><div class=\"wp-block-group__inner-container is-layout-flow wp-block-group-is-layout-flow\">\n<h6 class=\"wp-block-heading\"><a href=\"https:\/\/zdzislaw-maciej-rurarz.com\/wp-content\/uploads\/2022\/05\/Zbyteczna-wizyta.pdf\">Zbyteczna wizyta<\/a><\/h6>\n<\/div><\/div>\n<\/div><\/div>\n\n\n\n<p><\/p>\n\n\n\n<div class=\"wp-block-group has-subtle-background-background-color has-background\"><div class=\"wp-block-group__inner-container is-layout-flow wp-block-group-is-layout-flow\">\n<h6 class=\"wp-block-heading\"><a href=\"https:\/\/zdzislaw-maciej-rurarz.com\/wp-content\/uploads\/2022\/05\/ZEBY-POLSKA-BYLA-POLSKA.pdf\">\u017beby Polska by\u0142a Polsk\u0105<\/a><\/h6>\n<\/div><\/div>\n","protected":false},"excerpt":{"rendered":"<p>Nie by\u0142em Wallenrodem Do trzeciego razu sztuka Dziwna polityka Polityki Jaki by\u0142e\u015b roku 2003? Jaki b\u0119dziesz roku 2004? Jeszcze jedna partia Korupcja Lechu wszechwiedka Nicizm Nie dla Polski Niem\u0105dry Polak przed szkod\u0105 Niepotrzebna ofiara Niewidzialna r\u0119ka rynku Optymi\u015bci Prezydencka dynastia Rok p\u00f3\u017aniej&#8230; Serdeczne dzi\u0119ki profesorze Davies Zabawa w polsk\u0105 polityk\u0119 zagraniczn\u0105 1 Zabawa w polsk\u0105 [&hellip;]<\/p>\n","protected":false},"author":1,"featured_media":67,"parent":42,"menu_order":7,"comment_status":"closed","ping_status":"closed","template":"","meta":{"footnotes":""},"class_list":["post-1825","page","type-page","status-publish","has-post-thumbnail","hentry"],"_links":{"self":[{"href":"https:\/\/zdzislaw-maciej-rurarz.com\/index.php?rest_route=\/wp\/v2\/pages\/1825","targetHints":{"allow":["GET"]}}],"collection":[{"href":"https:\/\/zdzislaw-maciej-rurarz.com\/index.php?rest_route=\/wp\/v2\/pages"}],"about":[{"href":"https:\/\/zdzislaw-maciej-rurarz.com\/index.php?rest_route=\/wp\/v2\/types\/page"}],"author":[{"embeddable":true,"href":"https:\/\/zdzislaw-maciej-rurarz.com\/index.php?rest_route=\/wp\/v2\/users\/1"}],"replies":[{"embeddable":true,"href":"https:\/\/zdzislaw-maciej-rurarz.com\/index.php?rest_route=%2Fwp%2Fv2%2Fcomments&post=1825"}],"version-history":[{"count":9,"href":"https:\/\/zdzislaw-maciej-rurarz.com\/index.php?rest_route=\/wp\/v2\/pages\/1825\/revisions"}],"predecessor-version":[{"id":1876,"href":"https:\/\/zdzislaw-maciej-rurarz.com\/index.php?rest_route=\/wp\/v2\/pages\/1825\/revisions\/1876"}],"up":[{"embeddable":true,"href":"https:\/\/zdzislaw-maciej-rurarz.com\/index.php?rest_route=\/wp\/v2\/pages\/42"}],"wp:featuredmedia":[{"embeddable":true,"href":"https:\/\/zdzislaw-maciej-rurarz.com\/index.php?rest_route=\/wp\/v2\/media\/67"}],"wp:attachment":[{"href":"https:\/\/zdzislaw-maciej-rurarz.com\/index.php?rest_route=%2Fwp%2Fv2%2Fmedia&parent=1825"}],"curies":[{"name":"wp","href":"https:\/\/api.w.org\/{rel}","templated":true}]}}