{"id":1785,"date":"2022-05-09T21:18:38","date_gmt":"2022-05-09T19:18:38","guid":{"rendered":"https:\/\/zdzislaw-maciej-rurarz.com\/?page_id=1785"},"modified":"2022-05-09T21:36:18","modified_gmt":"2022-05-09T19:36:18","slug":"wyroki","status":"publish","type":"page","link":"https:\/\/zdzislaw-maciej-rurarz.com\/?page_id=1785","title":{"rendered":"Wyroki"},"content":{"rendered":"\n<h4 class=\"wp-block-heading\"><a href=\"https:\/\/zdzislaw-maciej-rurarz.com\/wp-content\/uploads\/2022\/05\/Wyroki.pdf\">Wyroki<\/a><\/h4>\n\n\n\n<p><\/p>\n\n\n\n<div class=\"wp-block-group has-subtle-background-background-color has-background\"><div class=\"wp-block-group__inner-container is-layout-flow wp-block-group-is-layout-flow\">\n<h6 class=\"wp-block-heading\"><a href=\"https:\/\/zdzislaw-maciej-rurarz.com\/wp-content\/uploads\/2022\/05\/BBC-Kara-smierci-17-XII-1982.pdf\">BBC Kara \u015bmierci <\/a><br>&#8211; 17 grudnia 1982 r.<\/h6>\n<\/div><\/div>\n\n\n\n<p><\/p>\n\n\n\n<div class=\"wp-block-group has-subtle-background-background-color has-background\"><div class=\"wp-block-group__inner-container is-layout-flow wp-block-group-is-layout-flow\">\n<h6 class=\"wp-block-heading\"><a href=\"https:\/\/zdzislaw-maciej-rurarz.com\/wp-content\/uploads\/2022\/05\/28-DEC-1982-Interview-C-Span-post-sentence.pdf\">Interview C-Span post-sentence<\/a><br>&#8211; 28 grudnia 1982 r.<\/h6>\n<\/div><\/div>\n\n\n\n<p><\/p>\n\n\n\n<div class=\"wp-block-group has-subtle-background-background-color has-background\"><div class=\"wp-block-group__inner-container is-layout-flow wp-block-group-is-layout-flow\">\n<h6 class=\"wp-block-heading\"><a href=\"https:\/\/zdzislaw-maciej-rurarz.com\/wp-content\/uploads\/2022\/05\/Pozbawienie-obywatelstwa-30-X-1985.pdf\">Pozbawienie obywatelstwa<\/a> <br>&#8211; 30 pa\u017adziernika 1985 r.<\/h6>\n<\/div><\/div>\n\n\n\n<p><\/p>\n\n\n\n<div class=\"wp-block-group has-subtle-background-background-color has-background\"><div class=\"wp-block-group__inner-container is-layout-flow wp-block-group-is-layout-flow\">\n<h6 class=\"wp-block-heading\"><a href=\"https:\/\/zdzislaw-maciej-rurarz.com\/wp-content\/uploads\/2022\/05\/Akta-Rewizyjne-Sad-Najwyzszy-Izba-Wojskowa-1990.pdf\">Akta Rewizyjne &#8211; S\u0105d Najwy\u017cszy, Izba Wojskowa<\/a> <br>&#8211; 1990 r.<\/h6>\n<\/div><\/div>\n\n\n\n<p><\/p>\n\n\n\n<div class=\"wp-block-group has-subtle-background-background-color has-background\"><div class=\"wp-block-group__inner-container is-layout-flow wp-block-group-is-layout-flow\">\n<h6 class=\"wp-block-heading\"><a href=\"https:\/\/zdzislaw-maciej-rurarz.com\/wp-content\/uploads\/2022\/05\/15-II-1991-list-do-Polski-Zbrojnej.pdf\">List do Redakcji Polski Zbrojnej<\/a><br>&#8211; 15 lutego 1991 r.<\/h6>\n<\/div><\/div>\n\n\n\n<p><\/p>\n\n\n\n<div class=\"wp-block-group has-subtle-background-background-color has-background\"><div class=\"wp-block-group__inner-container is-layout-flow wp-block-group-is-layout-flow\">\n<h6 class=\"wp-block-heading\"><a href=\"https:\/\/zdzislaw-maciej-rurarz.com\/wp-content\/uploads\/2022\/05\/List-do-Prez-Walesy-25-III-1991.pdf\">List do Prezydenta Lecha Wa\u0142\u0119sy<\/a><br>&#8211; 25 marca 1991 r.<\/h6>\n<\/div><\/div>\n","protected":false},"excerpt":{"rendered":"<p>Wyroki BBC Kara \u015bmierci &#8211; 17 grudnia 1982 r. Interview C-Span post-sentence&#8211; 28 grudnia 1982 r. Pozbawienie obywatelstwa &#8211; 30 pa\u017adziernika 1985 r. Akta Rewizyjne &#8211; S\u0105d Najwy\u017cszy, Izba Wojskowa &#8211; 1990 r. List do Redakcji Polski Zbrojnej&#8211; 15 lutego 1991 r. List do Prezydenta Lecha Wa\u0142\u0119sy&#8211; 25 marca 1991 r.<\/p>\n","protected":false},"author":1,"featured_media":67,"parent":6,"menu_order":2,"comment_status":"closed","ping_status":"closed","template":"","meta":{"footnotes":""},"class_list":["post-1785","page","type-page","status-publish","has-post-thumbnail","hentry"],"_links":{"self":[{"href":"https:\/\/zdzislaw-maciej-rurarz.com\/index.php?rest_route=\/wp\/v2\/pages\/1785","targetHints":{"allow":["GET"]}}],"collection":[{"href":"https:\/\/zdzislaw-maciej-rurarz.com\/index.php?rest_route=\/wp\/v2\/pages"}],"about":[{"href":"https:\/\/zdzislaw-maciej-rurarz.com\/index.php?rest_route=\/wp\/v2\/types\/page"}],"author":[{"embeddable":true,"href":"https:\/\/zdzislaw-maciej-rurarz.com\/index.php?rest_route=\/wp\/v2\/users\/1"}],"replies":[{"embeddable":true,"href":"https:\/\/zdzislaw-maciej-rurarz.com\/index.php?rest_route=%2Fwp%2Fv2%2Fcomments&post=1785"}],"version-history":[{"count":7,"href":"https:\/\/zdzislaw-maciej-rurarz.com\/index.php?rest_route=\/wp\/v2\/pages\/1785\/revisions"}],"predecessor-version":[{"id":1803,"href":"https:\/\/zdzislaw-maciej-rurarz.com\/index.php?rest_route=\/wp\/v2\/pages\/1785\/revisions\/1803"}],"up":[{"embeddable":true,"href":"https:\/\/zdzislaw-maciej-rurarz.com\/index.php?rest_route=\/wp\/v2\/pages\/6"}],"wp:featuredmedia":[{"embeddable":true,"href":"https:\/\/zdzislaw-maciej-rurarz.com\/index.php?rest_route=\/wp\/v2\/media\/67"}],"wp:attachment":[{"href":"https:\/\/zdzislaw-maciej-rurarz.com\/index.php?rest_route=%2Fwp%2Fv2%2Fmedia&parent=1785"}],"curies":[{"name":"wp","href":"https:\/\/api.w.org\/{rel}","templated":true}]}}