{"id":1714,"date":"2022-05-09T11:35:37","date_gmt":"2022-05-09T09:35:37","guid":{"rendered":"https:\/\/zdzislaw-maciej-rurarz.com\/?page_id=1714"},"modified":"2022-05-09T14:16:53","modified_gmt":"2022-05-09T12:16:53","slug":"ksiazki","status":"publish","type":"page","link":"https:\/\/zdzislaw-maciej-rurarz.com\/?page_id=1714","title":{"rendered":"Ksi\u0105\u017cki"},"content":{"rendered":"\n<p><strong>Ksi\u0105\u017cki wydane w PRL<\/strong><\/p>\n\n\n\n<div class=\"wp-block-group has-subtle-background-background-color has-background\"><div class=\"wp-block-group__inner-container is-layout-flow wp-block-group-is-layout-flow\">\n<h6 class=\"wp-block-heading\">Ekspansja kapita\u0142u USA <br>&#8211; <a href=\"https:\/\/zdzislaw-maciej-rurarz.com\/wp-content\/uploads\/2022\/05\/Ekspansja-Kapitalu-USA-1-78.pdf\">1-78<\/a>, <a href=\"https:\/\/zdzislaw-maciej-rurarz.com\/wp-content\/uploads\/2022\/05\/Ekspansja-Kapitalu-USA-79-157.pdf\">79-157<\/a>, <a href=\"https:\/\/zdzislaw-maciej-rurarz.com\/wp-content\/uploads\/2022\/05\/Ekspansja-Kapitalu-USA-158-227.pdf\">158-227<\/a>, <a href=\"https:\/\/zdzislaw-maciej-rurarz.com\/wp-content\/uploads\/2022\/05\/Ekspansja-Kapitalu-USA-228-295.pdf\">228-295<\/a>, <a href=\"https:\/\/zdzislaw-maciej-rurarz.com\/wp-content\/uploads\/2022\/05\/Ekspansja-Kapitalu-USA-uwagi-koncowe.pdf\">296-314<\/a><br> <strong>&#8211; PA\u0143STWOWE WYDAWNICTWO EKONOMICZNE  <\/strong><br> <strong>1969 R.<\/strong> <\/h6>\n<\/div><\/div>\n\n\n\n<p><\/p>\n\n\n\n<div class=\"wp-block-group has-subtle-background-background-color has-background\"><div class=\"wp-block-group__inner-container is-layout-flow wp-block-group-is-layout-flow\">\n<h6 class=\"wp-block-heading\">Handel zagraniczny, problemy &#8211; perspektywy<br>&#8211; <a href=\"https:\/\/zdzislaw-maciej-rurarz.com\/wp-content\/uploads\/2022\/05\/Handel-Zagraniczny-Part1.pdf\">7-80<\/a>, <a href=\"https:\/\/zdzislaw-maciej-rurarz.com\/wp-content\/uploads\/2022\/05\/Handel-Zagraniczny-Part2.pdf\">81-132<\/a>, <a href=\"https:\/\/zdzislaw-maciej-rurarz.com\/wp-content\/uploads\/2022\/05\/Handel-Zagraniczny-Part3.pdf\">133-213<\/a>, <a href=\"https:\/\/zdzislaw-maciej-rurarz.com\/wp-content\/uploads\/2022\/05\/Handel-Zagraniczny-Part4.pdf\">214-256<\/a><br><strong>&#8211; PA\u0143STWOWE WYDAWNICTWO EKONOMICZNE<\/strong><br><strong> 1971 R<\/strong>. <\/h6>\n<\/div><\/div>\n\n\n\n<p><\/p>\n\n\n\n<div class=\"wp-block-group has-subtle-background-background-color has-background\"><div class=\"wp-block-group__inner-container is-layout-flow wp-block-group-is-layout-flow\">\n<h6 class=\"wp-block-heading\"><a href=\"https:\/\/zdzislaw-maciej-rurarz.com\/wp-content\/uploads\/2022\/05\/Kryzys-Energetyczny.pdf\">Kryzys energetyczny <\/a><br><a href=\"https:\/\/zdzislaw-maciej-rurarz.com\/wp-content\/uploads\/2022\/05\/Kryzys-Energetyczny.pdf\">&#8211; mit czy rzeczywisto\u015b\u0107<\/a><br> <strong>&#8211; PA\u0143STWOWE WYDAWNICTWO EKONOMICZNE<\/strong><br><strong> 1971 R. <\/strong> <\/h6>\n<\/div><\/div>\n\n\n\n<p><\/p>\n\n\n\n<div class=\"wp-block-group has-subtle-background-background-color has-background\"><div class=\"wp-block-group__inner-container is-layout-flow wp-block-group-is-layout-flow\">\n<h6 class=\"wp-block-heading\">Dylematy rozwoju &#8211; <a href=\"https:\/\/zdzislaw-maciej-rurarz.com\/wp-content\/uploads\/2022\/05\/Dylematy-Rozwoju-1-3.pdf\">1-3<\/a>, <a href=\"https:\/\/zdzislaw-maciej-rurarz.com\/wp-content\/uploads\/2022\/05\/Dylematy-Rozwoju-4-6.pdf\">4-6<\/a>, <a href=\"https:\/\/zdzislaw-maciej-rurarz.com\/wp-content\/uploads\/2022\/05\/Dylematy-Rozwoju-7-9.pdf\">7-9<\/a><br>&#8211; Pa\u0144stwowe Wydawnictwo Ekonomiczne 1977 r.<\/h6>\n<\/div><\/div>\n\n\n\n<p><\/p>\n\n\n\n<p><strong>Ksi\u0105\u017cki wydane na emigracji<\/strong><\/p>\n\n\n\n<p><\/p>\n\n\n\n<div class=\"wp-block-group has-subtle-background-background-color has-background\"><div class=\"wp-block-group__inner-container is-layout-flow wp-block-group-is-layout-flow\">\n<h6 class=\"wp-block-heading\"><a href=\"https:\/\/zdzislaw-maciej-rurarz.com\/wp-content\/uploads\/2022\/05\/Na-kolejnym-zakrecie-WICI-1998.pdf\">Na kolejnym zakr\u0119cie<\/a><br> <strong>&#8211; WYDAWNICTWO &#8220;WICI&#8221; &#8211; CHICAGO 1999 R.<\/strong> <\/h6>\n<\/div><\/div>\n\n\n\n<p><\/p>\n\n\n\n<div class=\"wp-block-group has-subtle-background-background-color has-background\"><div class=\"wp-block-group__inner-container is-layout-flow wp-block-group-is-layout-flow\">\n<h6 class=\"wp-block-heading\"><a href=\"https:\/\/zdzislaw-maciej-rurarz.com\/wp-content\/uploads\/2022\/05\/Tajemnice-okraglego-stolu-1999.pdf\">Tajemnice okr\u0105g\u0142ego sto\u0142u<\/a> <br>&#8211; wydawnictwo &#8220;wici&#8221; &#8211; chicago 1999 r.<\/h6>\n<\/div><\/div>\n\n\n\n<p><\/p>\n\n\n\n<div class=\"wp-block-group has-subtle-background-background-color has-background\"><div class=\"wp-block-group__inner-container is-layout-flow wp-block-group-is-layout-flow\">\n<h6 class=\"wp-block-heading\">Polska w gro\u017anym \u015bwiecie<br>&#8211; <a href=\"https:\/\/zdzislaw-maciej-rurarz.com\/wp-content\/uploads\/2022\/05\/Polska-w-groznym-swiecie-Wici-1999-roz.-I-i-II.pdf\">I-II<\/a>, <a href=\"https:\/\/zdzislaw-maciej-rurarz.com\/wp-content\/uploads\/2022\/05\/Polska-w-groznym-swiecie-Wici-1999-roz.-III-i-IV.pdf\">III-IV<\/a>, <a href=\"https:\/\/zdzislaw-maciej-rurarz.com\/wp-content\/uploads\/2022\/05\/Polska-w-groznym-swiecie-Wici-1999-roz.-V.pdf\">V<\/a><br><strong>&#8211; WYDAWNICTWO &#8220;WICI&#8221; &#8211; CHICAGO 1999 R.<\/strong> <\/h6>\n<\/div><\/div>\n\n\n\n<p><\/p>\n\n\n\n<div class=\"wp-block-group has-subtle-background-background-color has-background\"><div class=\"wp-block-group__inner-container is-layout-flow wp-block-group-is-layout-flow\">\n<h6 class=\"wp-block-heading\"><a href=\"https:\/\/zdzislaw-maciej-rurarz.com\/wp-content\/uploads\/2022\/05\/Bezdroza-polskiego-rolnictwa-Wici-2000.pdf\">Bezdro\u017ca polskiego rolnictwa<\/a><br><strong>&#8211; WYDAWNICTWO &#8220;WICI&#8221; &#8211; CHICAGO 2000<\/strong> r. <\/h6>\n<\/div><\/div>\n","protected":false},"excerpt":{"rendered":"<p>Ksi\u0105\u017cki wydane w PRL Ekspansja kapita\u0142u USA &#8211; 1-78, 79-157, 158-227, 228-295, 296-314 &#8211; PA\u0143STWOWE WYDAWNICTWO EKONOMICZNE 1969 R. Handel zagraniczny, problemy &#8211; perspektywy&#8211; 7-80, 81-132, 133-213, 214-256&#8211; PA\u0143STWOWE WYDAWNICTWO EKONOMICZNE 1971 R. Kryzys energetyczny &#8211; mit czy rzeczywisto\u015b\u0107 &#8211; PA\u0143STWOWE WYDAWNICTWO EKONOMICZNE 1971 R. Dylematy rozwoju &#8211; 1-3, 4-6, 7-9&#8211; Pa\u0144stwowe Wydawnictwo Ekonomiczne 1977 [&hellip;]<\/p>\n","protected":false},"author":1,"featured_media":67,"parent":6,"menu_order":14,"comment_status":"closed","ping_status":"closed","template":"","meta":{"footnotes":""},"class_list":["post-1714","page","type-page","status-publish","has-post-thumbnail","hentry"],"_links":{"self":[{"href":"https:\/\/zdzislaw-maciej-rurarz.com\/index.php?rest_route=\/wp\/v2\/pages\/1714","targetHints":{"allow":["GET"]}}],"collection":[{"href":"https:\/\/zdzislaw-maciej-rurarz.com\/index.php?rest_route=\/wp\/v2\/pages"}],"about":[{"href":"https:\/\/zdzislaw-maciej-rurarz.com\/index.php?rest_route=\/wp\/v2\/types\/page"}],"author":[{"embeddable":true,"href":"https:\/\/zdzislaw-maciej-rurarz.com\/index.php?rest_route=\/wp\/v2\/users\/1"}],"replies":[{"embeddable":true,"href":"https:\/\/zdzislaw-maciej-rurarz.com\/index.php?rest_route=%2Fwp%2Fv2%2Fcomments&post=1714"}],"version-history":[{"count":11,"href":"https:\/\/zdzislaw-maciej-rurarz.com\/index.php?rest_route=\/wp\/v2\/pages\/1714\/revisions"}],"predecessor-version":[{"id":1750,"href":"https:\/\/zdzislaw-maciej-rurarz.com\/index.php?rest_route=\/wp\/v2\/pages\/1714\/revisions\/1750"}],"up":[{"embeddable":true,"href":"https:\/\/zdzislaw-maciej-rurarz.com\/index.php?rest_route=\/wp\/v2\/pages\/6"}],"wp:featuredmedia":[{"embeddable":true,"href":"https:\/\/zdzislaw-maciej-rurarz.com\/index.php?rest_route=\/wp\/v2\/media\/67"}],"wp:attachment":[{"href":"https:\/\/zdzislaw-maciej-rurarz.com\/index.php?rest_route=%2Fwp%2Fv2%2Fmedia&parent=1714"}],"curies":[{"name":"wp","href":"https:\/\/api.w.org\/{rel}","templated":true}]}}