{"id":1694,"date":"2022-05-09T10:46:51","date_gmt":"2022-05-09T08:46:51","guid":{"rendered":"https:\/\/zdzislaw-maciej-rurarz.com\/?page_id=1694"},"modified":"2022-05-11T21:12:47","modified_gmt":"2022-05-11T19:12:47","slug":"broszury","status":"publish","type":"page","link":"https:\/\/zdzislaw-maciej-rurarz.com\/?page_id=1694","title":{"rendered":"Broszury"},"content":{"rendered":"\n<p><\/p>\n\n\n\n<p><\/p>\n\n\n\n<div class=\"wp-block-group has-subtle-background-background-color has-background\"><div class=\"wp-block-group__inner-container is-layout-flow wp-block-group-is-layout-flow\">\n<h6 class=\"wp-block-heading\">Kryzys III RP &#8211; <a href=\"https:\/\/zdzislaw-maciej-rurarz.com\/wp-content\/uploads\/2022\/05\/cz.-I-do-X.pdf\">I-X<\/a>, <a href=\"https:\/\/zdzislaw-maciej-rurarz.com\/wp-content\/uploads\/2022\/05\/cz.-XI-do-XX.pdf\">XI-XX<\/a>, <a href=\"https:\/\/zdzislaw-maciej-rurarz.com\/wp-content\/uploads\/2022\/05\/cz.-XXI-do-XXX.pdf\">XXI-XXX<\/a>, <a href=\"https:\/\/zdzislaw-maciej-rurarz.com\/wp-content\/uploads\/2022\/05\/cz.-XXXI-do-XL.pdf\">XXXI-XL<\/a><\/h6>\n<\/div><\/div>\n\n\n\n<p><\/p>\n\n\n\n<div class=\"wp-block-group has-subtle-background-background-color has-background\"><div class=\"wp-block-group__inner-container is-layout-flow wp-block-group-is-layout-flow\">\n<h6 class=\"wp-block-heading\"><a href=\"https:\/\/zdzislaw-maciej-rurarz.com\/wp-content\/uploads\/2021\/02\/PRZYSZLOSC-POLSKI-Word.pdf\">Przysz\u0142o\u015b\u0107 Polski<\/a><\/h6>\n<\/div><\/div>\n\n\n\n<p><\/p>\n\n\n\n<div class=\"wp-block-group has-subtle-background-background-color has-background\"><div class=\"wp-block-group__inner-container is-layout-flow wp-block-group-is-layout-flow\">\n<h6 class=\"wp-block-heading\"><a href=\"https:\/\/zdzislaw-maciej-rurarz.com\/wp-content\/uploads\/2022\/05\/Uncaptive-Minds-Vol.-IV-No-4-18-Winter-91-92.pdf\"> Uncaptive Minds Vol. IV, No 4 (18)<\/a><br>&#8211; zima 1991-92 r.<\/h6>\n<\/div><\/div>\n\n\n\n<p><\/p>\n\n\n\n<div class=\"wp-block-group has-subtle-background-background-color has-background\"><div class=\"wp-block-group__inner-container is-layout-flow wp-block-group-is-layout-flow\">\n<h6 class=\"wp-block-heading\"><a href=\"https:\/\/zdzislaw-maciej-rurarz.com\/wp-content\/uploads\/2022\/05\/CO-DALEJ-Chemigraph-Inc.-1997.pdf\">Co dalej &#8211; Chemigraph Inc.<\/a><br>&#8211; 1997 r.<\/h6>\n<\/div><\/div>\n\n\n\n<p><\/p>\n","protected":false},"excerpt":{"rendered":"<p>Kryzys III RP &#8211; I-X, XI-XX, XXI-XXX, XXXI-XL Przysz\u0142o\u015b\u0107 Polski Uncaptive Minds Vol. IV, No 4 (18)&#8211; zima 1991-92 r. Co dalej &#8211; Chemigraph Inc.&#8211; 1997 r.<\/p>\n","protected":false},"author":1,"featured_media":67,"parent":6,"menu_order":15,"comment_status":"closed","ping_status":"closed","template":"","meta":{"footnotes":""},"class_list":["post-1694","page","type-page","status-publish","has-post-thumbnail","hentry"],"_links":{"self":[{"href":"https:\/\/zdzislaw-maciej-rurarz.com\/index.php?rest_route=\/wp\/v2\/pages\/1694","targetHints":{"allow":["GET"]}}],"collection":[{"href":"https:\/\/zdzislaw-maciej-rurarz.com\/index.php?rest_route=\/wp\/v2\/pages"}],"about":[{"href":"https:\/\/zdzislaw-maciej-rurarz.com\/index.php?rest_route=\/wp\/v2\/types\/page"}],"author":[{"embeddable":true,"href":"https:\/\/zdzislaw-maciej-rurarz.com\/index.php?rest_route=\/wp\/v2\/users\/1"}],"replies":[{"embeddable":true,"href":"https:\/\/zdzislaw-maciej-rurarz.com\/index.php?rest_route=%2Fwp%2Fv2%2Fcomments&post=1694"}],"version-history":[{"count":10,"href":"https:\/\/zdzislaw-maciej-rurarz.com\/index.php?rest_route=\/wp\/v2\/pages\/1694\/revisions"}],"predecessor-version":[{"id":1822,"href":"https:\/\/zdzislaw-maciej-rurarz.com\/index.php?rest_route=\/wp\/v2\/pages\/1694\/revisions\/1822"}],"up":[{"embeddable":true,"href":"https:\/\/zdzislaw-maciej-rurarz.com\/index.php?rest_route=\/wp\/v2\/pages\/6"}],"wp:featuredmedia":[{"embeddable":true,"href":"https:\/\/zdzislaw-maciej-rurarz.com\/index.php?rest_route=\/wp\/v2\/media\/67"}],"wp:attachment":[{"href":"https:\/\/zdzislaw-maciej-rurarz.com\/index.php?rest_route=%2Fwp%2Fv2%2Fmedia&parent=1694"}],"curies":[{"name":"wp","href":"https:\/\/api.w.org\/{rel}","templated":true}]}}