{"id":1076,"date":"2021-02-17T15:10:00","date_gmt":"2021-02-17T14:10:00","guid":{"rendered":"https:\/\/zdzislaw-maciej-rurarz.com\/?page_id=1076"},"modified":"2021-02-17T15:34:37","modified_gmt":"2021-02-17T14:34:37","slug":"zolnierz-wolnosci","status":"publish","type":"page","link":"https:\/\/zdzislaw-maciej-rurarz.com\/?page_id=1076","title":{"rendered":"\u017bo\u0142nierz Wolno\u015bci"},"content":{"rendered":"\n<blockquote class=\"wp-block-quote is-style-large is-layout-flow wp-block-quote-is-layout-flow\"><p><a href=\"https:\/\/zdzislaw-maciej-rurarz.com\/wp-content\/uploads\/2021\/02\/1982-16-June-Zolnierz-Wolnosci20190514.pdf\">&#8220;The president is irritated&#8221; (t\u0142umaczenie na angielski)<\/a><\/p><p><a href=\"https:\/\/zdzislaw-maciej-rurarz.com\/wp-content\/uploads\/2021\/02\/1984-2-Feb-Zolnierz-Wolnosci20190514.pdf\">Ekonomiczna szko\u0142a Najdera<\/a><\/p><p><a href=\"https:\/\/zdzislaw-maciej-rurarz.com\/wp-content\/uploads\/2021\/02\/Zolnierz-Wolnosci-Labedzi-Spiew.pdf\">\u0141ab\u0119dzi \u015bpiew<\/a><\/p><\/blockquote>\n","protected":false},"excerpt":{"rendered":"<p>&#8220;The president is irritated&#8221; (t\u0142umaczenie na angielski) Ekonomiczna szko\u0142a Najdera \u0141ab\u0119dzi \u015bpiew<\/p>\n","protected":false},"author":1,"featured_media":67,"parent":46,"menu_order":0,"comment_status":"closed","ping_status":"closed","template":"","meta":{"footnotes":""},"class_list":["post-1076","page","type-page","status-publish","has-post-thumbnail","hentry"],"_links":{"self":[{"href":"https:\/\/zdzislaw-maciej-rurarz.com\/index.php?rest_route=\/wp\/v2\/pages\/1076","targetHints":{"allow":["GET"]}}],"collection":[{"href":"https:\/\/zdzislaw-maciej-rurarz.com\/index.php?rest_route=\/wp\/v2\/pages"}],"about":[{"href":"https:\/\/zdzislaw-maciej-rurarz.com\/index.php?rest_route=\/wp\/v2\/types\/page"}],"author":[{"embeddable":true,"href":"https:\/\/zdzislaw-maciej-rurarz.com\/index.php?rest_route=\/wp\/v2\/users\/1"}],"replies":[{"embeddable":true,"href":"https:\/\/zdzislaw-maciej-rurarz.com\/index.php?rest_route=%2Fwp%2Fv2%2Fcomments&post=1076"}],"version-history":[{"count":4,"href":"https:\/\/zdzislaw-maciej-rurarz.com\/index.php?rest_route=\/wp\/v2\/pages\/1076\/revisions"}],"predecessor-version":[{"id":1083,"href":"https:\/\/zdzislaw-maciej-rurarz.com\/index.php?rest_route=\/wp\/v2\/pages\/1076\/revisions\/1083"}],"up":[{"embeddable":true,"href":"https:\/\/zdzislaw-maciej-rurarz.com\/index.php?rest_route=\/wp\/v2\/pages\/46"}],"wp:featuredmedia":[{"embeddable":true,"href":"https:\/\/zdzislaw-maciej-rurarz.com\/index.php?rest_route=\/wp\/v2\/media\/67"}],"wp:attachment":[{"href":"https:\/\/zdzislaw-maciej-rurarz.com\/index.php?rest_route=%2Fwp%2Fv2%2Fmedia&parent=1076"}],"curies":[{"name":"wp","href":"https:\/\/api.w.org\/{rel}","templated":true}]}}